{"id":66,"date":"2020-07-22T16:00:03","date_gmt":"2020-07-22T14:00:03","guid":{"rendered":"http:\/\/cbnge.fr\/?page_id=66"},"modified":"2020-07-22T16:28:07","modified_gmt":"2020-07-22T14:28:07","slug":"cbnge-et-dmg","status":"publish","type":"page","link":"https:\/\/cbnge.fr\/index.php\/cbnge-et-dmg\/","title":{"rendered":"CBNGE et DMG : quelles diff\u00e9rences ?"},"content":{"rendered":"\n<p><strong>Le DMG &#8211; D\u00e9partement de M\u00e9decine G\u00e9n\u00e9rale de l\u2019Universit\u00e9 de Caen Normandie<\/strong><\/p>\n\n\n\n<p>C&rsquo;est une instance universitaire.&nbsp;Le DMG a pour mission de coordonner l\u2019enseignement de la m\u00e9decine g\u00e9n\u00e9rale de la facult\u00e9. Il organise les cours et la th\u00e8se des \u00e9tudiants, auxquels les MSU volontaires peuvent participer. Il est responsable de la validation des stages des internes, sur proposition des MSU. Sa mission est principalement centr\u00e9e sur les \u00e9tudiants.<\/p>\n\n\n\n<p><strong>Le CBNGE \u2013 Coll\u00e8ge Bas-normand des G\u00e9n\u00e9ralistes Enseignants<\/strong><\/p>\n\n\n\n<p>C&rsquo;est l&rsquo;antenne locale, en Normandie occidentale (ex-Basse Normandie), du CNGE.&nbsp;<\/p>\n\n\n\n<p>Le CBNGE d\u00e9cline en r\u00e9gions les formations du CNGE. Il repr\u00e9sente les MSU aupr\u00e8s du d\u00e9partement de m\u00e9decine g\u00e9n\u00e9rale de la facult\u00e9 de m\u00e9decine, et au niveau national aupr\u00e8s du CNGE.&nbsp;Il travaille en collaboration avec le DMG au sujet des stages ambulatoires pour les \u00e9tudiants et les internes, mais aussi concernant les modalit\u00e9s de formation et d&rsquo;\u00e9valuation des \u00e9tudiants.&nbsp;<\/p>\n\n\n\n<p>C&rsquo;est votre interlocuteur local, pour les petits ou les gros probl\u00e8mes que vous pouvez rencontrer en pratique.&nbsp;Sa mission est principalement centr\u00e9e sur les ma\u00eetres de stage.<\/p>\n\n\n\n<p><strong>Le CNGE &#8211;&nbsp;Coll\u00e8ge National des G\u00e9n\u00e9ralistes Enseignants<\/strong><\/p>\n\n\n\n<p>Le CNGE coll\u00e8ge acad\u00e9mique est la principale soci\u00e9t\u00e9 scientifique de m\u00e9decine g\u00e9n\u00e9rale en France.&nbsp;Il regroupe des adh\u00e9rents issus des coll\u00e8ges r\u00e9gionaux, dont le CBNGE.<\/p>\n\n\n\n<p>Il entretient des contacts permanents avec les autorit\u00e9s de tutelle, les Minist\u00e8res de la Sant\u00e9 et le Minist\u00e8re de l\u2019Enseignement Sup\u00e9rieur et de la Recherche ainsi que de leurs administrations, pour repr\u00e9senter les MSU.<\/p>\n\n\n\n<p>Il organise son propre congr\u00e8s fin novembre, qui est l\u2019occasion pour tous les g\u00e9n\u00e9ralistes enseignants d\u2019\u00e9changer leurs exp\u00e9riences p\u00e9dagogiques ou de recherche, et publie une revue bimestrielle qui s\u2019appelle <a href=\"http:\/\/www.exercer.fr\/\" target=\"_blank\" rel=\"noopener noreferrer\">exercer, la revue fran\u00e7aise de m\u00e9decine g\u00e9n\u00e9rale<\/a>.<\/p>\n\n\n\n<p>Son d\u00e9partement formation organise des s\u00e9minaires indemnis\u00e9s par l\u2019OGDPC pour se former \u00e0 la p\u00e9dagogie sur l\u2019ensemble du territoire fran\u00e7ais.<\/p>\n\n\n\n<p>Pour plus de renseignements&nbsp;:&nbsp;<a href=\"http:\/\/www.cnge.fr\/\" target=\"_blank\" rel=\"noopener noreferrer\">www.cnge.fr<\/a><\/p>\n\n\n\n<p><strong>Le SNEMG &#8211; Syndicat National des Enseignants en M\u00e9decine G\u00e9n\u00e9rale<\/strong><\/p>\n\n\n\n<p>Le SNEMG est un syndicat. Il regroupe les m\u00e9decins enseignants de m\u00e9decine g\u00e9n\u00e9rale. Il a pour objet l\u2019\u00e9tude et la d\u00e9fense des droits, des int\u00e9r\u00eats mat\u00e9riels et moraux de la collectivit\u00e9 des enseignants de m\u00e9decine g\u00e9n\u00e9rale ainsi que de chacun de ses membres.<\/p>\n\n\n\n<p>C&rsquo;est par exemple le SNEMG qui a d\u00e9fendu et obtenu l&rsquo;obtention des formations hors quota DPC pour les formations p\u00e9dagogiques.<\/p>\n\n\n\n<p>Pour plus d&rsquo;informations :&nbsp;<a href=\"http:\/\/www.snemg.fr\/\" target=\"_blank\" rel=\"noopener noreferrer\">http:\/\/www.snemg.fr\/<\/a><\/p>\n","protected":false},"excerpt":{"rendered":"<p>Le DMG &#8211; D\u00e9partement de M\u00e9decine G\u00e9n\u00e9rale de l\u2019Universit\u00e9 de Caen Normandie C&rsquo;est une instance universitaire.&nbsp;Le DMG a pour mission de coordonner l\u2019enseignement de la m\u00e9decine g\u00e9n\u00e9rale de la facult\u00e9. Il organise les cours et la th\u00e8se des \u00e9tudiants, auxquels les MSU volontaires peuvent participer. Il est responsable de la validation des stages des internes,&hellip;&nbsp;<a href=\"https:\/\/cbnge.fr\/index.php\/cbnge-et-dmg\/\" rel=\"bookmark\">Lire la suite &raquo;<span class=\"screen-reader-text\">CBNGE et DMG : quelles diff\u00e9rences ?<\/span><\/a><\/p>\n","protected":false},"author":1,"featured_media":0,"parent":0,"menu_order":0,"comment_status":"closed","ping_status":"closed","template":"","meta":{"neve_meta_sidebar":"full-width","neve_meta_container":"","neve_meta_enable_content_width":"on","neve_meta_content_width":100,"neve_meta_title_alignment":"","neve_meta_author_avatar":"","neve_post_elements_order":"","neve_meta_disable_header":"","neve_meta_disable_footer":"","neve_meta_disable_title":"","iawp_total_views":0,"footnotes":""},"class_list":["post-66","page","type-page","status-publish","hentry"],"_links":{"self":[{"href":"https:\/\/cbnge.fr\/index.php\/wp-json\/wp\/v2\/pages\/66","targetHints":{"allow":["GET"]}}],"collection":[{"href":"https:\/\/cbnge.fr\/index.php\/wp-json\/wp\/v2\/pages"}],"about":[{"href":"https:\/\/cbnge.fr\/index.php\/wp-json\/wp\/v2\/types\/page"}],"author":[{"embeddable":true,"href":"https:\/\/cbnge.fr\/index.php\/wp-json\/wp\/v2\/users\/1"}],"replies":[{"embeddable":true,"href":"https:\/\/cbnge.fr\/index.php\/wp-json\/wp\/v2\/comments?post=66"}],"version-history":[{"count":4,"href":"https:\/\/cbnge.fr\/index.php\/wp-json\/wp\/v2\/pages\/66\/revisions"}],"predecessor-version":[{"id":86,"href":"https:\/\/cbnge.fr\/index.php\/wp-json\/wp\/v2\/pages\/66\/revisions\/86"}],"wp:attachment":[{"href":"https:\/\/cbnge.fr\/index.php\/wp-json\/wp\/v2\/media?parent=66"}],"curies":[{"name":"wp","href":"https:\/\/api.w.org\/{rel}","templated":true}]}}