{"id":64,"date":"2020-07-24T15:49:11","date_gmt":"2020-07-24T13:49:11","guid":{"rendered":"http:\/\/cbnge.fr\/?page_id=64"},"modified":"2020-07-24T15:49:11","modified_gmt":"2020-07-24T13:49:11","slug":"statuts-et-reglement-interieur","status":"publish","type":"page","link":"https:\/\/cbnge.fr\/index.php\/statuts-et-reglement-interieur\/","title":{"rendered":"Statuts et r\u00e8glement int\u00e9rieur"},"content":{"rendered":"\n<h4 class=\"wp-block-heading\">Les statuts de l&rsquo;association<\/h4>\n\n\n\n<p>Version approuv\u00e9e lors de l&rsquo;AG du 17 juin 2020.<\/p>\n\n\n\n<div class=\"wp-block-file\"><a href=\"http:\/\/cbnge.fr\/wp-content\/uploads\/2020\/07\/Statuts-CBNGE_11122019.pdf\">Statuts CBNGE au 17 juin 2020<\/a><a href=\"http:\/\/cbnge.fr\/wp-content\/uploads\/2020\/07\/Statuts-CBNGE_11122019.pdf\" class=\"wp-block-file__button\" download>T\u00e9l\u00e9charger<\/a><\/div>\n\n\n\n<h2 class=\"wp-block-heading\">Le r\u00e8glement int\u00e9rieur<\/h2>\n\n\n\n<p>Le r\u00e8glement int\u00e9rieur est en cours de finalisation. Il sera disponible dans cet espace d\u00e8s son approbation par les instances de l&rsquo;association.<\/p>\n","protected":false},"excerpt":{"rendered":"<p>Les statuts de l&rsquo;association Version approuv\u00e9e lors de l&rsquo;AG du 17 juin 2020. Le r\u00e8glement int\u00e9rieur Le r\u00e8glement int\u00e9rieur est en cours de finalisation. Il sera disponible dans cet espace d\u00e8s son approbation par les instances de l&rsquo;association.<\/p>\n","protected":false},"author":1,"featured_media":0,"parent":0,"menu_order":0,"comment_status":"closed","ping_status":"closed","template":"","meta":{"neve_meta_sidebar":"full-width","neve_meta_container":"","neve_meta_enable_content_width":"on","neve_meta_content_width":100,"neve_meta_title_alignment":"","neve_meta_author_avatar":"","neve_post_elements_order":"","neve_meta_disable_header":"","neve_meta_disable_footer":"","neve_meta_disable_title":"","iawp_total_views":0,"footnotes":""},"class_list":["post-64","page","type-page","status-publish","hentry"],"_links":{"self":[{"href":"https:\/\/cbnge.fr\/index.php\/wp-json\/wp\/v2\/pages\/64","targetHints":{"allow":["GET"]}}],"collection":[{"href":"https:\/\/cbnge.fr\/index.php\/wp-json\/wp\/v2\/pages"}],"about":[{"href":"https:\/\/cbnge.fr\/index.php\/wp-json\/wp\/v2\/types\/page"}],"author":[{"embeddable":true,"href":"https:\/\/cbnge.fr\/index.php\/wp-json\/wp\/v2\/users\/1"}],"replies":[{"embeddable":true,"href":"https:\/\/cbnge.fr\/index.php\/wp-json\/wp\/v2\/comments?post=64"}],"version-history":[{"count":2,"href":"https:\/\/cbnge.fr\/index.php\/wp-json\/wp\/v2\/pages\/64\/revisions"}],"predecessor-version":[{"id":117,"href":"https:\/\/cbnge.fr\/index.php\/wp-json\/wp\/v2\/pages\/64\/revisions\/117"}],"wp:attachment":[{"href":"https:\/\/cbnge.fr\/index.php\/wp-json\/wp\/v2\/media?parent=64"}],"curies":[{"name":"wp","href":"https:\/\/api.w.org\/{rel}","templated":true}]}}