{"id":62,"date":"2020-07-24T15:37:29","date_gmt":"2020-07-24T13:37:29","guid":{"rendered":"http:\/\/cbnge.fr\/?page_id=62"},"modified":"2026-05-02T10:57:39","modified_gmt":"2026-05-02T08:57:39","slug":"adhesion","status":"publish","type":"page","link":"https:\/\/cbnge.fr\/index.php\/adhesion\/","title":{"rendered":"Adh\u00e9sion"},"content":{"rendered":"\n<h4 class=\"wp-block-heading\">Par voie \u00e9lectronique uniquement via le site national cnge.fr<\/h4>\n\n\n\n<p>Depuis le 1er janvier 2026, les adh\u00e9sions au <em>Coll\u00e8ge bas-normand des g\u00e9n\u00e9ralistes enseignants<\/em> (CBNGE) se fait uniquement via le site du <em>Coll\u00e8ge national des g\u00e9n\u00e9ralistes enseignants<\/em> (CNGE). <\/p>\n\n\n\n<h5 class=\"wp-block-heading\">Comment adh\u00e9rer via <a href=\"https:\/\/cnge-adhesion.cnge.fr\" target=\"_blank\" rel=\"noreferrer noopener\"><strong>le site du CNGE<\/strong><\/a><\/h5>\n\n\n\n<ol class=\"wp-block-list\">\n<li>Rendez-vous sur le site <strong><a href=\"https:\/\/cnge-adhesion.cnge.fr\" target=\"_blank\" rel=\"noreferrer noopener\">https:\/\/cnge-adhesion.cnge.fr<\/a><\/strong><\/li>\n\n\n\n<li>Une fois arriv\u00e9(e) sur la page d&rsquo;adh\u00e9sion deux possibilit\u00e9s s&rsquo;offre \u00e0 vous :\n<ul class=\"wp-block-list\">\n<li><strong>Vous \u00eates d\u00e9j\u00e0 adh\u00e9rent et souhaitez renouveler votre adh\u00e9sion <\/strong>ou vous \u00eates d\u00e9j\u00e0 inscrit sur un site de la galaxy CNGE (CNGE, la revue exercer, SNEMG&#8230;), cliquez sur <strong>J&rsquo;ACC\u00c8DE \u00c0 MON ESPACE<\/strong><\/li>\n\n\n\n<li><strong>Vous \u00eates un nouvel adh\u00e9rent<\/strong> et n&rsquo;\u00eates inscrit sur aucun site de la galaxy CNGE, cliquez sur <strong>JE M&rsquo;INSCRIS<\/strong>. Remplissez le formulaire d&rsquo;inscription en indiquant comme coll\u00e8ge : <strong><em>CAEN \/ CBNGE \/ Coll\u00e8ge bas-normands<\/em><\/strong> <\/li>\n<\/ul>\n<\/li>\n\n\n\n<li>Une fois identifi\u00e9(e), vous acc\u00e9der directement \u00e0 la page d\u00e9di\u00e9e au CBNGE, cliquez sur <strong>ADH\u00c9RER \u00c0 UN COLL\u00c8GE<\/strong><\/li>\n\n\n\n<li>Choisissez entre <strong>MEMBRE ACTIF<\/strong> ou <strong>RETRAIT\u00c9(E)<\/strong><\/li>\n\n\n\n<li>Payez en ligne par carte bancaire. Le montant, comprenant la part nationale (CNGE) et la part locale (CBNGE), est indiqu\u00e9 sous le nom Coll\u00e8ge bas-normands des g\u00e9n\u00e9ralistes enseignants. <\/li>\n<\/ol>\n\n\n\n<p>Vous \u00eates adh\u00e9rent CBNGE et CNGE pour l&rsquo;ann\u00e9e 2026. Merci et bienvenue dans votre coll\u00e8ge.<\/p>\n\n\n\n<p>Pour l&rsquo;ann\u00e9e 2026, le montant de la cotisation est fix\u00e9e \u00e0 170\u00a0\u20ac (30 \u20ac pour le coll\u00e8ge locale (CBNGE) et 140 \u20ac pour le coll\u00e8ge national (CNGE)). Vous recevrez automatiquement un re\u00e7u de votre adh\u00e9sion par courriel. En cas de non r\u00e9ception ou si vous souhaitez r\u00e9cup\u00e9rer une attestation d&rsquo;adh\u00e9sion qui fait office de re\u00e7u fiscal, vous pouvez vous connecter \u00e0 votre espace en ligne <\/p>\n\n\n\n<p>N&rsquo;h\u00e9sitez pas \u00e0 nous contacter pour tous renseignements compl\u00e9mentaires \u00e0 l&rsquo;adresse : <a href=\"mailto:contact@cbnge.fr\">contact(at)cbnge.fr<\/a>.<\/p>\n\n\n\n<p><\/p>\n","protected":false},"excerpt":{"rendered":"<p>Par voie \u00e9lectronique uniquement via le site national cnge.fr Depuis le 1er janvier 2026, les adh\u00e9sions au Coll\u00e8ge bas-normand des g\u00e9n\u00e9ralistes enseignants (CBNGE) se fait uniquement via le site du Coll\u00e8ge national des g\u00e9n\u00e9ralistes enseignants (CNGE). Comment adh\u00e9rer via le site du CNGE Vous \u00eates adh\u00e9rent CBNGE et CNGE pour l&rsquo;ann\u00e9e 2026. Merci et bienvenue&hellip;&nbsp;<a href=\"https:\/\/cbnge.fr\/index.php\/adhesion\/\" rel=\"bookmark\">Lire la suite &raquo;<span class=\"screen-reader-text\">Adh\u00e9sion<\/span><\/a><\/p>\n","protected":false},"author":1,"featured_media":0,"parent":0,"menu_order":0,"comment_status":"closed","ping_status":"closed","template":"","meta":{"neve_meta_sidebar":"full-width","neve_meta_container":"","neve_meta_enable_content_width":"on","neve_meta_content_width":100,"neve_meta_title_alignment":"","neve_meta_author_avatar":"","neve_post_elements_order":"","neve_meta_disable_header":"","neve_meta_disable_footer":"","neve_meta_disable_title":"","iawp_total_views":6,"footnotes":""},"class_list":["post-62","page","type-page","status-publish","hentry"],"_links":{"self":[{"href":"https:\/\/cbnge.fr\/index.php\/wp-json\/wp\/v2\/pages\/62","targetHints":{"allow":["GET"]}}],"collection":[{"href":"https:\/\/cbnge.fr\/index.php\/wp-json\/wp\/v2\/pages"}],"about":[{"href":"https:\/\/cbnge.fr\/index.php\/wp-json\/wp\/v2\/types\/page"}],"author":[{"embeddable":true,"href":"https:\/\/cbnge.fr\/index.php\/wp-json\/wp\/v2\/users\/1"}],"replies":[{"embeddable":true,"href":"https:\/\/cbnge.fr\/index.php\/wp-json\/wp\/v2\/comments?post=62"}],"version-history":[{"count":12,"href":"https:\/\/cbnge.fr\/index.php\/wp-json\/wp\/v2\/pages\/62\/revisions"}],"predecessor-version":[{"id":514,"href":"https:\/\/cbnge.fr\/index.php\/wp-json\/wp\/v2\/pages\/62\/revisions\/514"}],"wp:attachment":[{"href":"https:\/\/cbnge.fr\/index.php\/wp-json\/wp\/v2\/media?parent=62"}],"curies":[{"name":"wp","href":"https:\/\/api.w.org\/{rel}","templated":true}]}}