{"id":60,"date":"2020-07-22T16:04:51","date_gmt":"2020-07-22T14:04:51","guid":{"rendered":"http:\/\/cbnge.fr\/?page_id=60"},"modified":"2025-12-18T13:14:13","modified_gmt":"2025-12-18T12:14:13","slug":"qui-sommes-nous","status":"publish","type":"page","link":"https:\/\/cbnge.fr\/index.php\/qui-sommes-nous\/","title":{"rendered":"Qui sommes-nous ?"},"content":{"rendered":"\n<p>Les membres du bureau<\/p>\n\n\n\n<ul class=\"wp-block-list\">\n<li><strong>Pr\u00e9sidente :<\/strong>&nbsp;Dr Audrey ARMAND &#8211; <a href=\"mailto:audrey.armand@unicaen.fr\">audrey.armand(\u00e0)unicaen.fr<\/a><\/li>\n\n\n\n<li><strong>Vice-Pr\u00e9sident :<\/strong> Pr Fran\u00e7ois LE BAS &#8211;&nbsp;<a href=\"mailto:francois.lebas@unicaen.fr\">francois.lebas(\u00e0)unicaen.fr<\/a><\/li>\n\n\n\n<li><strong>Secr\u00e9taire g\u00e9n\u00e9ral :<\/strong>\u00a0Dr Xavier HUMBERT &#8211; <a href=\"mailto:francois.lebas@unicaen.fr\">xavier.humbert(\u00e0)unicaen.fr<\/a><\/li>\n\n\n\n<li><strong>Secr\u00e9taire g\u00e9n\u00e9ral adjoint<\/strong> :<\/li>\n\n\n\n<li><strong>Tr\u00e9sorier :<\/strong>&nbsp;Dr Marceau CAUCHY &#8211; <a href=\"mailto:marceau.cauchy@unicaen.fr\">marceau.cauchy(\u00e0)unicaen.fr<\/a><\/li>\n\n\n\n<li><strong>Tr\u00e9sorier adjoint&nbsp;: <\/strong><\/li>\n<\/ul>\n\n\n\n<p><\/p>\n","protected":false},"excerpt":{"rendered":"<p>Les membres du bureau<\/p>\n","protected":false},"author":1,"featured_media":0,"parent":0,"menu_order":0,"comment_status":"closed","ping_status":"closed","template":"","meta":{"neve_meta_sidebar":"full-width","neve_meta_container":"","neve_meta_enable_content_width":"on","neve_meta_content_width":100,"neve_meta_title_alignment":"","neve_meta_author_avatar":"","neve_post_elements_order":"","neve_meta_disable_header":"","neve_meta_disable_footer":"","neve_meta_disable_title":"","iawp_total_views":1,"footnotes":""},"class_list":["post-60","page","type-page","status-publish","hentry"],"_links":{"self":[{"href":"https:\/\/cbnge.fr\/index.php\/wp-json\/wp\/v2\/pages\/60","targetHints":{"allow":["GET"]}}],"collection":[{"href":"https:\/\/cbnge.fr\/index.php\/wp-json\/wp\/v2\/pages"}],"about":[{"href":"https:\/\/cbnge.fr\/index.php\/wp-json\/wp\/v2\/types\/page"}],"author":[{"embeddable":true,"href":"https:\/\/cbnge.fr\/index.php\/wp-json\/wp\/v2\/users\/1"}],"replies":[{"embeddable":true,"href":"https:\/\/cbnge.fr\/index.php\/wp-json\/wp\/v2\/comments?post=60"}],"version-history":[{"count":11,"href":"https:\/\/cbnge.fr\/index.php\/wp-json\/wp\/v2\/pages\/60\/revisions"}],"predecessor-version":[{"id":465,"href":"https:\/\/cbnge.fr\/index.php\/wp-json\/wp\/v2\/pages\/60\/revisions\/465"}],"wp:attachment":[{"href":"https:\/\/cbnge.fr\/index.php\/wp-json\/wp\/v2\/media?parent=60"}],"curies":[{"name":"wp","href":"https:\/\/api.w.org\/{rel}","templated":true}]}}