{"id":58,"date":"2020-07-22T16:25:33","date_gmt":"2020-07-22T14:25:33","guid":{"rendered":"http:\/\/cbnge.fr\/?page_id=58"},"modified":"2020-07-22T16:25:33","modified_gmt":"2020-07-22T14:25:33","slug":"presentation-et-missions","status":"publish","type":"page","link":"https:\/\/cbnge.fr\/index.php\/presentation-et-missions\/","title":{"rendered":"Pr\u00e9sentation et missions"},"content":{"rendered":"\n<p>Le CBNGE a l&rsquo;ambition de repr\u00e9senter tous les ma\u00eetres de stage de deuxi\u00e8me et troisi\u00e8me cycle de Normandie occidentale.&nbsp;<\/p>\n\n\n\n<p>Le CBNGE adh\u00e8re au CNGE, Coll\u00e8ge National des G\u00e9n\u00e9ralistes Enseignants. Le CBNGE relaie les informations du CNGE mais fait surtout \u00ab\u00a0remonter\u00a0\u00bb aux instances nationales les demandes, les id\u00e9es, les difficult\u00e9s des MSU de Normandie occidentale.<\/p>\n\n\n\n<p>Pour voir le lien entre DMG \u2013 CBNGE \u2013 CNGE \u2013 SNEMJ, <a href=\"https:\/\/cbnge.fr\/index.php\/cbnge-et-dmg\/\">cliquez ici<\/a><\/p>\n\n\n\n<p>Les missions du <strong>CBNGE<\/strong> en quelques lignes :&nbsp;<\/p>\n\n\n\n<p>La <strong>coordination<\/strong> de plus de 300 Ma\u00eetres de Stage Universitaire (MSU) en M\u00e9decine G\u00e9n\u00e9rale r\u00e9partis sur toute la Normandie occidentale (ex-Basse Normandie) qui accueillent au sein de leurs cabinets environ 250 Internes en m\u00e9decine g\u00e9n\u00e9rale (7\u00e8me, 8\u00e8me et 9\u00e8me ann\u00e9es) durant leur formation lors de stage d\u2019une dur\u00e9e de 6 mois ainsi qu\u2019environ 220 externes en m\u00e9decine durant leur 4\u00e8me ou 5\u00e8me ann\u00e9e. C\u2019est l\u2019organe repr\u00e9sentatif des MSU au D\u00e9partement de m\u00e9decine g\u00e9n\u00e9rale.<\/p>\n\n\n\n<p>L\u2019organisation de 2 <strong>s\u00e9minaires de formations p\u00e9dagogiques ou de recherche<\/strong> par an (3 formations en parall\u00e8le), destin\u00e9s aux m\u00e9decins ma\u00eetres de stage avec un souci permanent de former de nouveaux pour r\u00e9pondre aux besoins du territoire.<\/p>\n\n\n\n<p>Le <strong>soutien<\/strong> et la <strong>participation<\/strong> aux congr\u00e8s nationaux de m\u00e9decine g\u00e9n\u00e9rale : Congr\u00e8s national du CNGE (Coll\u00e8ge National des G\u00e9n\u00e9ralistes Enseignants) \u2013 Congr\u00e8s annuel de la M\u00e9decine G\u00e9n\u00e9rale en apportant son soutien financier notamment aux internes de m\u00e9decine g\u00e9n\u00e9rale.<\/p>\n\n\n\n<p>Le soutien au <strong>d\u00e9veloppement de projets de recherche<\/strong> en lien avec le D\u00e9partement de m\u00e9decine g\u00e9n\u00e9rale de l\u2019Universit\u00e9 de Caen Normandie<\/p>\n","protected":false},"excerpt":{"rendered":"<p>Le CBNGE a l&rsquo;ambition de repr\u00e9senter tous les ma\u00eetres de stage de deuxi\u00e8me et troisi\u00e8me cycle de Normandie occidentale.&nbsp; Le CBNGE adh\u00e8re au CNGE, Coll\u00e8ge National des G\u00e9n\u00e9ralistes Enseignants. Le CBNGE relaie les informations du CNGE mais fait surtout \u00ab\u00a0remonter\u00a0\u00bb aux instances nationales les demandes, les id\u00e9es, les difficult\u00e9s des MSU de Normandie occidentale. Pour&hellip;&nbsp;<a href=\"https:\/\/cbnge.fr\/index.php\/presentation-et-missions\/\" rel=\"bookmark\">Lire la suite &raquo;<span class=\"screen-reader-text\">Pr\u00e9sentation et missions<\/span><\/a><\/p>\n","protected":false},"author":1,"featured_media":0,"parent":0,"menu_order":0,"comment_status":"closed","ping_status":"closed","template":"","meta":{"neve_meta_sidebar":"full-width","neve_meta_container":"","neve_meta_enable_content_width":"on","neve_meta_content_width":100,"neve_meta_title_alignment":"","neve_meta_author_avatar":"","neve_post_elements_order":"","neve_meta_disable_header":"","neve_meta_disable_footer":"","neve_meta_disable_title":"","iawp_total_views":2,"footnotes":""},"class_list":["post-58","page","type-page","status-publish","hentry"],"_links":{"self":[{"href":"https:\/\/cbnge.fr\/index.php\/wp-json\/wp\/v2\/pages\/58","targetHints":{"allow":["GET"]}}],"collection":[{"href":"https:\/\/cbnge.fr\/index.php\/wp-json\/wp\/v2\/pages"}],"about":[{"href":"https:\/\/cbnge.fr\/index.php\/wp-json\/wp\/v2\/types\/page"}],"author":[{"embeddable":true,"href":"https:\/\/cbnge.fr\/index.php\/wp-json\/wp\/v2\/users\/1"}],"replies":[{"embeddable":true,"href":"https:\/\/cbnge.fr\/index.php\/wp-json\/wp\/v2\/comments?post=58"}],"version-history":[{"count":2,"href":"https:\/\/cbnge.fr\/index.php\/wp-json\/wp\/v2\/pages\/58\/revisions"}],"predecessor-version":[{"id":84,"href":"https:\/\/cbnge.fr\/index.php\/wp-json\/wp\/v2\/pages\/58\/revisions\/84"}],"wp:attachment":[{"href":"https:\/\/cbnge.fr\/index.php\/wp-json\/wp\/v2\/media?parent=58"}],"curies":[{"name":"wp","href":"https:\/\/api.w.org\/{rel}","templated":true}]}}