{"id":337,"date":"2023-07-05T13:55:08","date_gmt":"2023-07-05T11:55:08","guid":{"rendered":"https:\/\/cbnge.fr\/?page_id=337"},"modified":"2023-07-05T13:55:08","modified_gmt":"2023-07-05T11:55:08","slug":"les-msu-sur-le-territoire","status":"publish","type":"page","link":"https:\/\/cbnge.fr\/index.php\/les-msu-sur-le-territoire\/","title":{"rendered":"Les MSU sur le territoire"},"content":{"rendered":"\n<p>L&rsquo;ARS Normandie, en collaboration avec le CBNGE et le DUMG ont souhait\u00e9 \u00e9tudier les liens entre la r\u00e9partition des MSU et la d\u00e9mographie m\u00e9dicale.<\/p>\n\n\n\n<figure class=\"wp-block-gallery has-nested-images columns-default is-cropped wp-block-gallery-1 is-layout-flex wp-block-gallery-is-layout-flex\">\n<figure class=\"wp-block-image size-large\"><img loading=\"lazy\" decoding=\"async\" width=\"1024\" height=\"724\" data-id=\"338\" src=\"https:\/\/cbnge.fr\/wp-content\/uploads\/2023\/07\/maitres_stage_non_pourvus_densite_202302-1024x724.jpg\" alt=\"\" class=\"wp-image-338\" srcset=\"https:\/\/cbnge.fr\/wp-content\/uploads\/2023\/07\/maitres_stage_non_pourvus_densite_202302-1024x724.jpg 1024w, https:\/\/cbnge.fr\/wp-content\/uploads\/2023\/07\/maitres_stage_non_pourvus_densite_202302-300x212.jpg 300w, https:\/\/cbnge.fr\/wp-content\/uploads\/2023\/07\/maitres_stage_non_pourvus_densite_202302-768x543.jpg 768w, https:\/\/cbnge.fr\/wp-content\/uploads\/2023\/07\/maitres_stage_non_pourvus_densite_202302-1536x1086.jpg 1536w, https:\/\/cbnge.fr\/wp-content\/uploads\/2023\/07\/maitres_stage_non_pourvus_densite_202302-2048x1448.jpg 2048w\" sizes=\"auto, (max-width: 1024px) 100vw, 1024px\" \/><\/figure>\n\n\n\n<figure class=\"wp-block-image size-large\"><img loading=\"lazy\" decoding=\"async\" width=\"1024\" height=\"724\" data-id=\"339\" src=\"https:\/\/cbnge.fr\/wp-content\/uploads\/2023\/07\/maitres_stage_non_pourvus_APL_202302-1024x724.jpg\" alt=\"\" class=\"wp-image-339\" srcset=\"https:\/\/cbnge.fr\/wp-content\/uploads\/2023\/07\/maitres_stage_non_pourvus_APL_202302-1024x724.jpg 1024w, https:\/\/cbnge.fr\/wp-content\/uploads\/2023\/07\/maitres_stage_non_pourvus_APL_202302-300x212.jpg 300w, https:\/\/cbnge.fr\/wp-content\/uploads\/2023\/07\/maitres_stage_non_pourvus_APL_202302-768x543.jpg 768w, https:\/\/cbnge.fr\/wp-content\/uploads\/2023\/07\/maitres_stage_non_pourvus_APL_202302-1536x1086.jpg 1536w, https:\/\/cbnge.fr\/wp-content\/uploads\/2023\/07\/maitres_stage_non_pourvus_APL_202302-2048x1448.jpg 2048w\" sizes=\"auto, (max-width: 1024px) 100vw, 1024px\" \/><\/figure>\n\n\n\n<figure class=\"wp-block-image size-large\"><img loading=\"lazy\" decoding=\"async\" width=\"1024\" height=\"724\" data-id=\"340\" src=\"https:\/\/cbnge.fr\/wp-content\/uploads\/2023\/07\/maitres_stage_APL_202302-1024x724.jpg\" alt=\"\" class=\"wp-image-340\" srcset=\"https:\/\/cbnge.fr\/wp-content\/uploads\/2023\/07\/maitres_stage_APL_202302-1024x724.jpg 1024w, https:\/\/cbnge.fr\/wp-content\/uploads\/2023\/07\/maitres_stage_APL_202302-300x212.jpg 300w, https:\/\/cbnge.fr\/wp-content\/uploads\/2023\/07\/maitres_stage_APL_202302-768x543.jpg 768w, https:\/\/cbnge.fr\/wp-content\/uploads\/2023\/07\/maitres_stage_APL_202302-1536x1086.jpg 1536w, https:\/\/cbnge.fr\/wp-content\/uploads\/2023\/07\/maitres_stage_APL_202302-2048x1448.jpg 2048w\" sizes=\"auto, (max-width: 1024px) 100vw, 1024px\" \/><\/figure>\n\n\n\n<figure class=\"wp-block-image size-large\"><img loading=\"lazy\" decoding=\"async\" width=\"1024\" height=\"724\" data-id=\"341\" src=\"https:\/\/cbnge.fr\/wp-content\/uploads\/2023\/07\/maitres_stage_densite_202302-1024x724.jpg\" alt=\"\" class=\"wp-image-341\" srcset=\"https:\/\/cbnge.fr\/wp-content\/uploads\/2023\/07\/maitres_stage_densite_202302-1024x724.jpg 1024w, https:\/\/cbnge.fr\/wp-content\/uploads\/2023\/07\/maitres_stage_densite_202302-300x212.jpg 300w, https:\/\/cbnge.fr\/wp-content\/uploads\/2023\/07\/maitres_stage_densite_202302-768x543.jpg 768w, https:\/\/cbnge.fr\/wp-content\/uploads\/2023\/07\/maitres_stage_densite_202302-1536x1086.jpg 1536w, https:\/\/cbnge.fr\/wp-content\/uploads\/2023\/07\/maitres_stage_densite_202302-2048x1448.jpg 2048w\" sizes=\"auto, (max-width: 1024px) 100vw, 1024px\" \/><\/figure>\n<\/figure>\n\n\n\n<p>Cartes fournies par l&rsquo;ARS Normandie Dstrat (FC) &#8211; f\u00e9vrier 2023<\/p>\n","protected":false},"excerpt":{"rendered":"<p>L&rsquo;ARS Normandie, en collaboration avec le CBNGE et le DUMG ont souhait\u00e9 \u00e9tudier les liens entre la r\u00e9partition des MSU et la d\u00e9mographie m\u00e9dicale. Cartes fournies par l&rsquo;ARS Normandie Dstrat (FC) &#8211; f\u00e9vrier 2023<\/p>\n","protected":false},"author":1,"featured_media":0,"parent":0,"menu_order":0,"comment_status":"closed","ping_status":"closed","template":"","meta":{"neve_meta_sidebar":"","neve_meta_container":"","neve_meta_enable_content_width":"","neve_meta_content_width":0,"neve_meta_title_alignment":"","neve_meta_author_avatar":"","neve_post_elements_order":"","neve_meta_disable_header":"","neve_meta_disable_footer":"","neve_meta_disable_title":"","iawp_total_views":1,"footnotes":""},"class_list":["post-337","page","type-page","status-publish","hentry"],"_links":{"self":[{"href":"https:\/\/cbnge.fr\/index.php\/wp-json\/wp\/v2\/pages\/337","targetHints":{"allow":["GET"]}}],"collection":[{"href":"https:\/\/cbnge.fr\/index.php\/wp-json\/wp\/v2\/pages"}],"about":[{"href":"https:\/\/cbnge.fr\/index.php\/wp-json\/wp\/v2\/types\/page"}],"author":[{"embeddable":true,"href":"https:\/\/cbnge.fr\/index.php\/wp-json\/wp\/v2\/users\/1"}],"replies":[{"embeddable":true,"href":"https:\/\/cbnge.fr\/index.php\/wp-json\/wp\/v2\/comments?post=337"}],"version-history":[{"count":1,"href":"https:\/\/cbnge.fr\/index.php\/wp-json\/wp\/v2\/pages\/337\/revisions"}],"predecessor-version":[{"id":343,"href":"https:\/\/cbnge.fr\/index.php\/wp-json\/wp\/v2\/pages\/337\/revisions\/343"}],"wp:attachment":[{"href":"https:\/\/cbnge.fr\/index.php\/wp-json\/wp\/v2\/media?parent=337"}],"curies":[{"name":"wp","href":"https:\/\/api.w.org\/{rel}","templated":true}]}}