{"id":300,"date":"2023-02-26T18:26:25","date_gmt":"2023-02-26T17:26:25","guid":{"rendered":"https:\/\/cbnge.fr\/?page_id=300"},"modified":"2023-02-26T18:54:28","modified_gmt":"2023-02-26T17:54:28","slug":"protocole-coviprim","status":"publish","type":"page","link":"https:\/\/cbnge.fr\/index.php\/la-revue-exercer\/protocole-coviprim\/","title":{"rendered":"Protocole COVIPRIM"},"content":{"rendered":"\n<p>En mars 2020, lors du premier confinement sanitaire en lien avec la pand\u00e9mie COVID-19, les membres du D\u00e9partement de m\u00e9decine g\u00e9n\u00e9rale se sont mobilis\u00e9s pour mettre en place une \u00e9tude observationnelle, descriptive et longitudinale sur le ressenti psychologique en lien avec la pand\u00e9mie des professionnels de sant\u00e9 de soins premiers (infirmiers, m\u00e9decins g\u00e9n\u00e9ralistes, pharmaciens d\u2019officine).<\/p>\n\n\n\n<p>Nous pr\u00e9sentons ici l\u2019ensemble des donn\u00e9es qui ont \u00e9t\u00e9 analys\u00e9es et publi\u00e9es.<\/p>\n\n\n\n<p>Vous retrouverez ici le protocole de l\u2019\u00e9tude&nbsp;:<\/p>\n\n\n\n<p>Apr\u00e8s avoir d\u00e9but\u00e9 en avril 2020, nous avons pu recueillir les premi\u00e8res \u00e9valuations psychologiques&nbsp;:<\/p>\n\n\n\n<ul class=\"wp-block-list\">\n<li>Des m\u00e9decins g\u00e9n\u00e9ralistes<\/li>\n\n\n\n<li>Des pharmaciens d\u2019officine<\/li>\n\n\n\n<li>Des infirmiers<\/li>\n<\/ul>\n\n\n\n<p>Lors de l\u2019\u00e9t\u00e9 2020, nous avons r\u00e9alis\u00e9 un premier suivi qui nous a permis de mieux connaitre l\u2019\u00e9volution de l\u2019\u00e9tat psychologique&nbsp;:<\/p>\n\n\n\n<ul class=\"wp-block-list\">\n<li>Des pharmaciens d\u2019officines<\/li>\n\n\n\n<li>Des m\u00e9decins g\u00e9n\u00e9ralistes<\/li>\n<\/ul>\n\n\n\n<p>En avril 2021, nous avons r\u00e9alis\u00e9 un suivi \u00e0 un an&nbsp;:<\/p>\n\n\n\n<ul class=\"wp-block-list\">\n<li>Des m\u00e9decins g\u00e9n\u00e9ralistes.<\/li>\n<\/ul>\n\n\n\n<p>Alors que le protocole ne devait durer qu\u2019un an, nous avons depuis entrepris un nouveau suivi \u00e0 trois ans. En collaboration avec nos coll\u00e8gues du d\u00e9partement de m\u00e9decine g\u00e9n\u00e9rale de l\u2019Universit\u00e9 de Li\u00e8ge, nous allons r\u00e9aliser en avril 2023 un nouveau suivi o\u00f9 nous chercherons \u00e0 mieux connaitre les facteurs associ\u00e9s au burn-out chez ces trois professions de soins premiers.<\/p>\n","protected":false},"excerpt":{"rendered":"<p>En mars 2020, lors du premier confinement sanitaire en lien avec la pand\u00e9mie COVID-19, les membres du D\u00e9partement de m\u00e9decine g\u00e9n\u00e9rale se sont mobilis\u00e9s pour mettre en place une \u00e9tude observationnelle, descriptive et longitudinale sur le ressenti psychologique en lien avec la pand\u00e9mie des professionnels de sant\u00e9 de soins premiers (infirmiers, m\u00e9decins g\u00e9n\u00e9ralistes, pharmaciens d\u2019officine).&hellip;&nbsp;<a href=\"https:\/\/cbnge.fr\/index.php\/la-revue-exercer\/protocole-coviprim\/\" rel=\"bookmark\">Lire la suite &raquo;<span class=\"screen-reader-text\">Protocole COVIPRIM<\/span><\/a><\/p>\n","protected":false},"author":2,"featured_media":0,"parent":171,"menu_order":1,"comment_status":"closed","ping_status":"closed","template":"","meta":{"neve_meta_sidebar":"full-width","neve_meta_container":"","neve_meta_enable_content_width":"on","neve_meta_content_width":100,"neve_meta_title_alignment":"","neve_meta_author_avatar":"","neve_post_elements_order":"","neve_meta_disable_header":"","neve_meta_disable_footer":"","neve_meta_disable_title":"","iawp_total_views":0,"footnotes":""},"class_list":["post-300","page","type-page","status-publish","hentry"],"_links":{"self":[{"href":"https:\/\/cbnge.fr\/index.php\/wp-json\/wp\/v2\/pages\/300","targetHints":{"allow":["GET"]}}],"collection":[{"href":"https:\/\/cbnge.fr\/index.php\/wp-json\/wp\/v2\/pages"}],"about":[{"href":"https:\/\/cbnge.fr\/index.php\/wp-json\/wp\/v2\/types\/page"}],"author":[{"embeddable":true,"href":"https:\/\/cbnge.fr\/index.php\/wp-json\/wp\/v2\/users\/2"}],"replies":[{"embeddable":true,"href":"https:\/\/cbnge.fr\/index.php\/wp-json\/wp\/v2\/comments?post=300"}],"version-history":[{"count":2,"href":"https:\/\/cbnge.fr\/index.php\/wp-json\/wp\/v2\/pages\/300\/revisions"}],"predecessor-version":[{"id":318,"href":"https:\/\/cbnge.fr\/index.php\/wp-json\/wp\/v2\/pages\/300\/revisions\/318"}],"up":[{"embeddable":true,"href":"https:\/\/cbnge.fr\/index.php\/wp-json\/wp\/v2\/pages\/171"}],"wp:attachment":[{"href":"https:\/\/cbnge.fr\/index.php\/wp-json\/wp\/v2\/media?parent=300"}],"curies":[{"name":"wp","href":"https:\/\/api.w.org\/{rel}","templated":true}]}}