{"id":201,"date":"2020-07-31T19:57:08","date_gmt":"2020-07-31T17:57:08","guid":{"rendered":"http:\/\/cbnge.fr\/?page_id=201"},"modified":"2023-01-16T21:02:01","modified_gmt":"2023-01-16T20:02:01","slug":"formations","status":"publish","type":"page","link":"https:\/\/cbnge.fr\/index.php\/formations\/","title":{"rendered":"Formations"},"content":{"rendered":"\n<p>Pour devenir maitre de stage universitaire, il faut avoir participer \u00e0 au moins une formation p\u00e9dagogique.<\/p>\n\n\n\n<p>Le parcours de formation des&nbsp;MSU d\u2019\u00e9tudiants de 3e cycle&nbsp;(internes de m\u00e9decine g\u00e9n\u00e9rale) est le suivant :<\/p>\n\n\n\n<ul class=\"wp-block-list\"><li>\u00ab&nbsp;<em>Initiation \u00e0 la ma\u00eetrise de stage ou S1<\/em>&nbsp;\u00bb<\/li><li>\u00ab&nbsp;<em>Supervision directe en ma\u00eetrise de stage ou S3<\/em>&nbsp;\u00bb<\/li><li>\u00ab&nbsp;<em>Supervision indirecte en ma\u00eetrise de stage ou S4<\/em>&nbsp;\u00bb<\/li><li>\u00ab&nbsp;<em>S5 superviser et encadrer des travaux universitaires en stage<\/em>&nbsp;\u00bb<\/li><li>\u00ab&nbsp;<em>Am\u00e9liorer sa pratique de MSU<\/em>&nbsp;\u00bb<\/li><\/ul>\n\n\n\n<p>Pour les&nbsp;MSU d\u2019\u00e9tudiants de 2e cycle, soit le s\u00e9minaire S2 \u00ab&nbsp;<em>Encadrement des \u00e9tudiants en 2e cycle<\/em>&nbsp;\u00bb, soit le s\u00e9minaire S1 \u00ab<em>Initiation \u00e0 la ma\u00eetrise de stage<\/em>&nbsp;\u00bb suivi d\u2019une journ\u00e9e S2bis<\/p>\n\n\n\n<p>Pour compl\u00e9ter les formations p\u00e9dagogiques, les s\u00e9minaires \u00ab<em>Certifier les comp\u00e9tences&nbsp;<\/em>\u00bb, \u00ab<em>Validation de la phase socle<\/em>&nbsp;\u00bb vous sont propos\u00e9<strong>e<\/strong>s \u00e9galement.<\/p>\n\n\n\n<p>Pour participer \u00e0 ces s\u00e9minaires, l\u2019adh\u00e9sion \u00e0&nbsp;<a href=\"https:\/\/www.cnge.fr\/la_formation\/\">CNGE formation<\/a>&nbsp;de 33 \u20ac est obligatoire, conform\u00e9ment au cahier des charges de l\u2019ANDPC et du FAF-PM.<\/p>\n\n\n\n<p>Le calendrier national des s\u00e9minaires est disponible sur le site du CNGE :\u00a0<a href=\"https:\/\/www.cnge.fr\/la_formation\/calendrier\/date\/2020\/\">Calendrier des formations CNGE 2023<\/a><\/p>\n\n\n\n<h4 class=\"wp-block-heading\"><mark style=\"background-color:rgba(0, 0, 0, 0);color:#cc0000\" class=\"has-inline-color\">Organisation des s\u00e9minaires de formation dans la r\u00e9gion<\/mark><\/h4>\n\n\n\n<p>Ces s\u00e9minaires sont soit des s\u00e9minaires DPC, agr\u00e9\u00e9s par l\u2019ANDPC (avec compensation de la perte de revenus).<\/p>\n\n\n\n<p>Le CBNGE organise<strong> 2<\/strong> <strong>s\u00e9minaires de&nbsp;formations&nbsp;p\u00e9dagogiques&nbsp;ou de recherche<\/strong> par an (3 formations en parall\u00e8le), destin\u00e9s aux m\u00e9decins ma\u00eetres de stage avec un souci permanent de former de nouveaux&nbsp;MSU&nbsp;pour r\u00e9pondre aux besoins du territoire.<\/p>\n","protected":false},"excerpt":{"rendered":"<p>Pour devenir maitre de stage universitaire, il faut avoir participer \u00e0 au moins une formation p\u00e9dagogique. Le parcours de formation des&nbsp;MSU d\u2019\u00e9tudiants de 3e cycle&nbsp;(internes de m\u00e9decine g\u00e9n\u00e9rale) est le suivant : \u00ab&nbsp;Initiation \u00e0 la ma\u00eetrise de stage ou S1&nbsp;\u00bb \u00ab&nbsp;Supervision directe en ma\u00eetrise de stage ou S3&nbsp;\u00bb \u00ab&nbsp;Supervision indirecte en ma\u00eetrise de stage ou&hellip;&nbsp;<a href=\"https:\/\/cbnge.fr\/index.php\/formations\/\" rel=\"bookmark\">Lire la suite &raquo;<span class=\"screen-reader-text\">Formations<\/span><\/a><\/p>\n","protected":false},"author":1,"featured_media":0,"parent":0,"menu_order":0,"comment_status":"closed","ping_status":"closed","template":"","meta":{"neve_meta_sidebar":"full-width","neve_meta_container":"","neve_meta_enable_content_width":"on","neve_meta_content_width":100,"neve_meta_title_alignment":"","neve_meta_author_avatar":"","neve_post_elements_order":"","neve_meta_disable_header":"","neve_meta_disable_footer":"","neve_meta_disable_title":"","footnotes":""},"class_list":["post-201","page","type-page","status-publish","hentry"],"_links":{"self":[{"href":"https:\/\/cbnge.fr\/index.php\/wp-json\/wp\/v2\/pages\/201","targetHints":{"allow":["GET"]}}],"collection":[{"href":"https:\/\/cbnge.fr\/index.php\/wp-json\/wp\/v2\/pages"}],"about":[{"href":"https:\/\/cbnge.fr\/index.php\/wp-json\/wp\/v2\/types\/page"}],"author":[{"embeddable":true,"href":"https:\/\/cbnge.fr\/index.php\/wp-json\/wp\/v2\/users\/1"}],"replies":[{"embeddable":true,"href":"https:\/\/cbnge.fr\/index.php\/wp-json\/wp\/v2\/comments?post=201"}],"version-history":[{"count":2,"href":"https:\/\/cbnge.fr\/index.php\/wp-json\/wp\/v2\/pages\/201\/revisions"}],"predecessor-version":[{"id":289,"href":"https:\/\/cbnge.fr\/index.php\/wp-json\/wp\/v2\/pages\/201\/revisions\/289"}],"wp:attachment":[{"href":"https:\/\/cbnge.fr\/index.php\/wp-json\/wp\/v2\/media?parent=201"}],"curies":[{"name":"wp","href":"https:\/\/api.w.org\/{rel}","templated":true}]}}