{"id":2,"date":"2020-07-15T15:47:16","date_gmt":"2020-07-15T13:47:16","guid":{"rendered":"http:\/\/cbnge.fr\/?page_id=2"},"modified":"2026-03-24T11:16:31","modified_gmt":"2026-03-24T10:16:31","slug":"accueil","status":"publish","type":"page","link":"https:\/\/cbnge.fr\/","title":{"rendered":"Bienvenue sur le site du Coll\u00e8ge des enseignants g\u00e9n\u00e9ralistes bas-normands (CBNGE)"},"content":{"rendered":"\n<div class=\"wp-block-columns is-layout-flex wp-container-core-columns-is-layout-9d6595d7 wp-block-columns-is-layout-flex\">\n<div class=\"wp-block-column is-layout-flow wp-block-column-is-layout-flow\" style=\"flex-basis:66.66%\">\n<p><\/p>\n\n\n\n<p>Le CBNGE est une association regroupant les g\u00e9n\u00e9ralistes enseignants de l\u2019Universit\u00e9 Caen-Normandie. Elle organise la formation des ma\u00eetres de stage et aide \u00e0 la promotion et au rayonnement de la m\u00e9decine g\u00e9n\u00e9rale.<\/p>\n\n\n\n<p>C\u2019est l&rsquo;association repr\u00e9sentative de l&rsquo;ensemble des MSU (ma\u00eetres de stage universitaires). Elle n&rsquo;a pas les m\u00eames missions que le DUMG (<a href=\"https:\/\/cbnge.fr\/index.php\/cbnge-et-dmg\/\">voir ici pour les missions de chacun<\/a>).<\/p>\n\n\n\n<p>Vous trouverez ici des renseignements pratiques sur la fonction de MSU, sur les formations p\u00e9dagogiques disponibles, ainsi que de nombreux outils pour les ma\u00eetres de stage et g\u00e9n\u00e9ralistes en activit\u00e9.<\/p>\n<\/div>\n\n\n\n<div class=\"wp-block-column is-layout-flow wp-block-column-is-layout-flow\" style=\"flex-basis:34.4%\">\n<h4 class=\"wp-block-heading has-text-align-center\"><mark style=\"background-color:rgba(0, 0, 0, 0);color:#cc0000\" class=\"has-inline-color\">Information :<\/mark><\/h4>\n\n\n\n<hr class=\"wp-block-separator has-css-opacity is-style-wide\"\/>\n\n\n\n<div class=\"wp-block-group\"><div class=\"wp-block-group__inner-container is-layout-flow wp-block-group-is-layout-flow\">\n<div class=\"wp-block-group\"><div class=\"wp-block-group__inner-container is-layout-flow wp-block-group-is-layout-flow\">\n<div class=\"wp-block-group\"><div class=\"wp-block-group__inner-container is-layout-flow wp-block-group-is-layout-flow\">\n<blockquote class=\"wp-block-quote has-text-align-center is-layout-flow wp-block-quote-is-layout-flow\">\n<blockquote class=\"wp-block-quote is-layout-flow wp-block-quote-is-layout-flow\">\n<p class=\"has-medium-font-size\"><span style=\"text-decoration: underline;\"><mark style=\"background-color:rgba(0, 0, 0, 0)\" class=\"has-inline-color has-nv-c-2-color\"><strong>Invitation<\/strong><\/mark><\/span><\/p>\n\n\n\n<p class=\"has-text-align-center\">Le <strong>CBNGE<\/strong>, votre coll\u00e8ge, organise une nouvelle <\/p>\n\n\n\n<p class=\"has-text-align-center\"><strong><mark style=\"background-color:rgba(0, 0, 0, 0)\" class=\"has-inline-color has-neve-link-color-color\">Journ\u00e9e des MSU<\/mark><\/strong><\/p>\n\n\n\n<p><strong><em><mark style=\"background-color:rgba(0, 0, 0, 0)\" class=\"has-inline-color has-neve-link-hover-color-color\">Le Vendredi 18 Septembre 2026<\/mark><\/em><\/strong><\/p>\n\n\n\n<p class=\"has-small-font-size\">qui se d\u00e9roulera au PFRS &#8211; 2 rue des Rochambelles \u00e0 Caen.<\/p>\n\n\n\n<p><\/p>\n\n\n\n<p style=\"font-size:18px\"><strong><u><mark style=\"background-color:rgba(0, 0, 0, 0)\" class=\"has-inline-color has-nv-c-2-color\">Th\u00e8me de la journ\u00e9e<\/mark><\/u><\/strong><\/p>\n\n\n\n<ul class=\"wp-block-list\">\n<li>L\u2019investigateur en M\u00e9decine G\u00e9n\u00e9rale, \u00ab\u00a04\u00e8me ann\u00e9e\u00a0\u00bb et \u00ab\u00a0direction de th\u00e8se\u00a0\u00bb.<\/li>\n\n\n\n<li>L\u2019Eco-responsabilit\u00e9 en sant\u00e9.<\/li>\n<\/ul>\n\n\n\n<p class=\"has-small-font-size\">Si vous \u00eates int\u00e9ress\u00e9, merci de vous inscrire aupr\u00e8s de Nelly la secr\u00e9taire&nbsp;: <a href=\"mailto:nelly.fautrat@cbnge.fr\">nelly.fautrat@cbnge.fr<\/a><\/p>\n\n\n\n<p class=\"has-text-align-center\"><\/p>\n\n\n\n<p>&nbsp;&nbsp;&nbsp;&nbsp;&nbsp;&nbsp;&nbsp;&nbsp;&nbsp;&nbsp;&nbsp;&nbsp;&nbsp;&nbsp;&nbsp;&nbsp;&nbsp;&nbsp;&nbsp;&nbsp;&nbsp;&nbsp;&nbsp;&nbsp;&nbsp;&nbsp;&nbsp;&nbsp;&nbsp;&nbsp;&nbsp;&nbsp; <\/p>\n<\/blockquote>\n<\/blockquote>\n\n\n\n<hr class=\"wp-block-separator has-css-opacity\"\/>\n<\/div><\/div>\n<\/div><\/div>\n<\/div><\/div>\n<\/div>\n<\/div>\n\n\n\n<div class=\"wp-block-columns is-layout-flex wp-container-core-columns-is-layout-9d6595d7 wp-block-columns-is-layout-flex\">\n<div class=\"wp-block-column is-layout-flow wp-block-column-is-layout-flow\" style=\"flex-basis:33.33%\">\n<h3 class=\"wp-block-heading\"><mark style=\"background-color:rgba(0, 0, 0, 0);color:#cc0000\" class=\"has-inline-color\">Les terrains de stage en m\u00e9decine g\u00e9n\u00e9rale en Basse-Normandie<\/mark><\/h3>\n<\/div>\n\n\n\n<div class=\"wp-block-column is-layout-flow wp-block-column-is-layout-flow\" style=\"flex-basis:66.66%\"><p><iframe loading=\"lazy\" allowfullscreen=\"\" src=\"\/\/umap.openstreetmap.fr\/fr\/map\/departement-de-medecine-generale-ufr-medecine-caen_263061?scaleControl=false&amp;miniMap=false&amp;scrollWheelZoom=false&amp;zoomControl=true&amp;allowEdit=false&amp;moreControl=true&amp;searchControl=null&amp;tilelayersControl=null&amp;embedControl=null&amp;datalayersControl=true&amp;onLoadPanel=none&amp;captionBar=false\" width=\"100%\" height=\"300px\" frameborder=\"0\"><\/iframe><\/p>\n<p><a href=\"\/\/umap.openstreetmap.fr\/fr\/map\/departement-de-medecine-generale-ufr-medecine-caen_263061\">Voir en plein \u00e9cran<\/a><\/p>\n<\/div>\n<\/div>\n\n\n\n<hr class=\"wp-block-separator has-css-opacity\"\/>\n\n\n\n<p>Cette association loi 1901 a ainsi pour vocation :<\/p>\n\n\n\n<p>La <strong><span style=\"color:#cc0000\" class=\"has-inline-color\">coordination<\/span><\/strong> de plus de 300&nbsp;Ma\u00eetres de Stage&nbsp;Universitaire (MSU) en M\u00e9decine G\u00e9n\u00e9rale r\u00e9partis sur toute la&nbsp;Normandie occidentale (ex_Basse Normandie)&nbsp;qui accueillent au sein de leurs cabinets&nbsp; environ 250 Internes en m\u00e9decine g\u00e9n\u00e9rale (7\u00e8me, 8\u00e8me et 9\u00e8me ann\u00e9es) durant leur formation&nbsp;lors de stage d\u2019une dur\u00e9e de 6 mois ainsi qu\u2019environ 220 externes en m\u00e9decine durant leur 4\u00e8me ou 5\u00e8me ann\u00e9e. C\u2019est l\u2019organe repr\u00e9sentatif des MSU au D\u00e9partement de m\u00e9decine g\u00e9n\u00e9rale.<\/p>\n\n\n\n<p>L\u2019organisation de 2 <strong><span style=\"color:#cc0000\" class=\"has-inline-color\">s\u00e9minaires de formations&nbsp;p\u00e9dagogiques&nbsp;ou de recherche<\/span><\/strong> par an (3 formations en parall\u00e8le), destin\u00e9s aux m\u00e9decins ma\u00eetres de stage avec un souci permanent de former de nouveaux&nbsp;MSU&nbsp;pour r\u00e9pondre aux besoins du territoire.<\/p>\n\n\n\n<p>Le <strong><span style=\"color:#cc0000\" class=\"has-inline-color\">soutien<\/span><\/strong> et la <strong><span style=\"color:#cc0000\" class=\"has-inline-color\">participation<\/span><\/strong> aux&nbsp;congr\u00e8s nationaux&nbsp;de m\u00e9decine g\u00e9n\u00e9rale&nbsp;:&nbsp;Congr\u00e8s national du&nbsp;CNGE&nbsp;(Coll\u00e8ge National des G\u00e9n\u00e9ralistes Enseignants) \u2013 Congr\u00e8s annuel de la&nbsp;M\u00e9decine G\u00e9n\u00e9rale en apportant son soutien financier notamment aux internes de m\u00e9decine g\u00e9n\u00e9rale.<\/p>\n\n\n\n<p>Le soutien au <strong><span style=\"color:#cc0000\" class=\"has-inline-color\">d\u00e9veloppement de projets de recherche<\/span><\/strong> en lien avec le D\u00e9partement de m\u00e9decine g\u00e9n\u00e9rale de l\u2019Universit\u00e9 de Caen Normandie.<\/p>\n\n\n\n<div class=\"wp-block-columns is-layout-flex wp-container-core-columns-is-layout-9d6595d7 wp-block-columns-is-layout-flex\">\n<div class=\"wp-block-column is-layout-flow wp-block-column-is-layout-flow\">\n<div class=\"wp-block-buttons is-layout-flex wp-block-buttons-is-layout-flex\">\n<div class=\"wp-block-button is-style-default\"><a class=\"wp-block-button__link has-background wp-element-button\" href=\"https:\/\/cbnge.fr\/index.php\/adhesion\/\" style=\"background-color:#cc0000\">Adh\u00e9rez au coll\u00e8ge bas-normands des g\u00e9n\u00e9ralistes enseignants<\/a><\/div>\n<\/div>\n<\/div>\n\n\n\n<div class=\"wp-block-column is-layout-flow wp-block-column-is-layout-flow\">\n<div class=\"wp-block-buttons is-layout-flex wp-block-buttons-is-layout-flex\">\n<div class=\"wp-block-button\"><a class=\"wp-block-button__link has-background wp-element-button\" href=\"https:\/\/www.exercer.fr\" style=\"background-color:#cc0000\" target=\"_blank\" rel=\"noreferrer noopener\">Abonnez-vous \u00e0 exercer, la revue francophone de m\u00e9decine g\u00e9n\u00e9rale<\/a><\/div>\n<\/div>\n<\/div>\n<\/div>\n\n\n\n<p><\/p>\n","protected":false},"excerpt":{"rendered":"<p>Le CBNGE est une association regroupant les g\u00e9n\u00e9ralistes enseignants de l\u2019Universit\u00e9 Caen-Normandie. Elle organise la formation des ma\u00eetres de stage et aide \u00e0 la promotion et au rayonnement de la m\u00e9decine g\u00e9n\u00e9rale. C\u2019est l&rsquo;association repr\u00e9sentative de l&rsquo;ensemble des MSU (ma\u00eetres de stage universitaires). Elle n&rsquo;a pas les m\u00eames missions que le DUMG (voir ici pour&hellip;&nbsp;<a href=\"https:\/\/cbnge.fr\/\" rel=\"bookmark\">Lire la suite &raquo;<span class=\"screen-reader-text\">Bienvenue sur le site du Coll\u00e8ge des enseignants g\u00e9n\u00e9ralistes bas-normands (CBNGE)<\/span><\/a><\/p>\n","protected":false},"author":1,"featured_media":0,"parent":0,"menu_order":0,"comment_status":"closed","ping_status":"closed","template":"","meta":{"neve_meta_sidebar":"full-width","neve_meta_container":"","neve_meta_enable_content_width":"off","neve_meta_content_width":0,"neve_meta_title_alignment":"","neve_meta_author_avatar":"","neve_post_elements_order":"","neve_meta_disable_header":"","neve_meta_disable_footer":"","neve_meta_disable_title":"","iawp_total_views":15,"footnotes":""},"class_list":["post-2","page","type-page","status-publish","hentry"],"_links":{"self":[{"href":"https:\/\/cbnge.fr\/index.php\/wp-json\/wp\/v2\/pages\/2","targetHints":{"allow":["GET"]}}],"collection":[{"href":"https:\/\/cbnge.fr\/index.php\/wp-json\/wp\/v2\/pages"}],"about":[{"href":"https:\/\/cbnge.fr\/index.php\/wp-json\/wp\/v2\/types\/page"}],"author":[{"embeddable":true,"href":"https:\/\/cbnge.fr\/index.php\/wp-json\/wp\/v2\/users\/1"}],"replies":[{"embeddable":true,"href":"https:\/\/cbnge.fr\/index.php\/wp-json\/wp\/v2\/comments?post=2"}],"version-history":[{"count":51,"href":"https:\/\/cbnge.fr\/index.php\/wp-json\/wp\/v2\/pages\/2\/revisions"}],"predecessor-version":[{"id":490,"href":"https:\/\/cbnge.fr\/index.php\/wp-json\/wp\/v2\/pages\/2\/revisions\/490"}],"wp:attachment":[{"href":"https:\/\/cbnge.fr\/index.php\/wp-json\/wp\/v2\/media?parent=2"}],"curies":[{"name":"wp","href":"https:\/\/api.w.org\/{rel}","templated":true}]}}