{"id":197,"date":"2020-07-31T19:54:58","date_gmt":"2020-07-31T17:54:58","guid":{"rendered":"http:\/\/cbnge.fr\/?page_id=197"},"modified":"2020-07-31T19:55:10","modified_gmt":"2020-07-31T17:55:10","slug":"externes-deuxieme-cycle","status":"publish","type":"page","link":"https:\/\/cbnge.fr\/index.php\/externes-deuxieme-cycle\/","title":{"rendered":"Externes (\u00e9tudiants de deuxi\u00e8me cycle)"},"content":{"rendered":"\n<p>Vous trouverez toutes les derni\u00e8res informations concernant le deuxi\u00e8me cycle des \u00e9tudes m\u00e9dicale sur le site de l&rsquo;UFR Sant\u00e9 de l&rsquo;Universit\u00e9 de Caen Normandie.<\/p>\n\n\n\n<p><a href=\"http:\/\/ufrsante.unicaen.fr\/medecine\/deuxieme-cycle-des-etudes-medicales\/\">http:\/\/ufrsante.unicaen.fr\/medecine\/deuxieme-cycle-des-etudes-medicales\/<\/a><\/p>\n","protected":false},"excerpt":{"rendered":"<p>Vous trouverez toutes les derni\u00e8res informations concernant le deuxi\u00e8me cycle des \u00e9tudes m\u00e9dicale sur le site de l&rsquo;UFR Sant\u00e9 de l&rsquo;Universit\u00e9 de Caen Normandie. http:\/\/ufrsante.unicaen.fr\/medecine\/deuxieme-cycle-des-etudes-medicales\/<\/p>\n","protected":false},"author":1,"featured_media":0,"parent":0,"menu_order":0,"comment_status":"closed","ping_status":"closed","template":"","meta":{"neve_meta_sidebar":"full-width","neve_meta_container":"","neve_meta_enable_content_width":"on","neve_meta_content_width":100,"neve_meta_title_alignment":"","neve_meta_author_avatar":"","neve_post_elements_order":"","neve_meta_disable_header":"","neve_meta_disable_footer":"","neve_meta_disable_title":"","iawp_total_views":1,"footnotes":""},"class_list":["post-197","page","type-page","status-publish","hentry"],"_links":{"self":[{"href":"https:\/\/cbnge.fr\/index.php\/wp-json\/wp\/v2\/pages\/197","targetHints":{"allow":["GET"]}}],"collection":[{"href":"https:\/\/cbnge.fr\/index.php\/wp-json\/wp\/v2\/pages"}],"about":[{"href":"https:\/\/cbnge.fr\/index.php\/wp-json\/wp\/v2\/types\/page"}],"author":[{"embeddable":true,"href":"https:\/\/cbnge.fr\/index.php\/wp-json\/wp\/v2\/users\/1"}],"replies":[{"embeddable":true,"href":"https:\/\/cbnge.fr\/index.php\/wp-json\/wp\/v2\/comments?post=197"}],"version-history":[{"count":2,"href":"https:\/\/cbnge.fr\/index.php\/wp-json\/wp\/v2\/pages\/197\/revisions"}],"predecessor-version":[{"id":200,"href":"https:\/\/cbnge.fr\/index.php\/wp-json\/wp\/v2\/pages\/197\/revisions\/200"}],"wp:attachment":[{"href":"https:\/\/cbnge.fr\/index.php\/wp-json\/wp\/v2\/media?parent=197"}],"curies":[{"name":"wp","href":"https:\/\/api.w.org\/{rel}","templated":true}]}}