{"id":193,"date":"2020-07-31T19:52:33","date_gmt":"2020-07-31T17:52:33","guid":{"rendered":"http:\/\/cbnge.fr\/?page_id=193"},"modified":"2020-07-31T19:52:40","modified_gmt":"2020-07-31T17:52:40","slug":"la-recherche-en-region-et-ailleurs","status":"publish","type":"page","link":"https:\/\/cbnge.fr\/index.php\/la-recherche-en-region-et-ailleurs\/","title":{"rendered":"La recherche en m\u00e9decine g\u00e9n\u00e9rale"},"content":{"rendered":"\n<p>Le travail en r\u00e9seau fait partie int\u00e9grante de l\u2019activit\u00e9 du m\u00e9decin g\u00e9n\u00e9raliste, qu\u2019elle soit formelle ou informelle. Les principales \u00e9tudes sur lesquelles nous basons nos d\u00e9cisions diagnostiques ou th\u00e9rapeutiques sont promues par la m\u00e9decine hospitali\u00e8re, de mani\u00e8re tout \u00e0 fait valide, mais ne r\u00e9pondant pas toujours \u00e0 la typologie de patients rencontr\u00e9s dans notre exercice.<\/p>\n\n\n\n<p>Par ailleurs, depuis plusieurs ann\u00e9es, l\u2019organisation de la recherche ambulatoire en m\u00e9decine g\u00e9n\u00e9rale est appel\u00e9e \u00e0 se structurer. Dans certains pays voisins, cette structuration est d\u00e9j\u00e0 tr\u00e8s avanc\u00e9e et permets de produire des r\u00e9sultats issus des soins premiers \u00e0 une \u00e9chelle nationale, comme au Royaume Uni. Au niveau Europ\u00e9en, l\u2019EGPRN poursuit le m\u00eame but.<\/p>\n\n\n\n<p>\u200b En France, la section recherche du&nbsp;CNGE (Coll\u00e8ge National des G\u00e9n\u00e9ralistes Enseignants) appelle les Coll\u00e8ges r\u00e9gionaux \u00e0 se saisir de la question de la recherche ambulatoire et \u00e0 organiser leurs r\u00e9seaux. C\u2019est dans ce contexte que le CBNGE soutient les projets de recherche du DMG de l\u2019Universit\u00e9 de Caen-Normandie&nbsp;<\/p>\n","protected":false},"excerpt":{"rendered":"<p>Le travail en r\u00e9seau fait partie int\u00e9grante de l\u2019activit\u00e9 du m\u00e9decin g\u00e9n\u00e9raliste, qu\u2019elle soit formelle ou informelle. Les principales \u00e9tudes sur lesquelles nous basons nos d\u00e9cisions diagnostiques ou th\u00e9rapeutiques sont promues par la m\u00e9decine hospitali\u00e8re, de mani\u00e8re tout \u00e0 fait valide, mais ne r\u00e9pondant pas toujours \u00e0 la typologie de patients rencontr\u00e9s dans notre exercice.&hellip;&nbsp;<a href=\"https:\/\/cbnge.fr\/index.php\/la-recherche-en-region-et-ailleurs\/\" rel=\"bookmark\">Lire la suite &raquo;<span class=\"screen-reader-text\">La recherche en m\u00e9decine g\u00e9n\u00e9rale<\/span><\/a><\/p>\n","protected":false},"author":1,"featured_media":0,"parent":0,"menu_order":0,"comment_status":"closed","ping_status":"closed","template":"","meta":{"neve_meta_sidebar":"full-width","neve_meta_container":"","neve_meta_enable_content_width":"on","neve_meta_content_width":100,"neve_meta_title_alignment":"","neve_meta_author_avatar":"","neve_post_elements_order":"","neve_meta_disable_header":"","neve_meta_disable_footer":"","neve_meta_disable_title":"","footnotes":""},"class_list":["post-193","page","type-page","status-publish","hentry"],"_links":{"self":[{"href":"https:\/\/cbnge.fr\/index.php\/wp-json\/wp\/v2\/pages\/193","targetHints":{"allow":["GET"]}}],"collection":[{"href":"https:\/\/cbnge.fr\/index.php\/wp-json\/wp\/v2\/pages"}],"about":[{"href":"https:\/\/cbnge.fr\/index.php\/wp-json\/wp\/v2\/types\/page"}],"author":[{"embeddable":true,"href":"https:\/\/cbnge.fr\/index.php\/wp-json\/wp\/v2\/users\/1"}],"replies":[{"embeddable":true,"href":"https:\/\/cbnge.fr\/index.php\/wp-json\/wp\/v2\/comments?post=193"}],"version-history":[{"count":2,"href":"https:\/\/cbnge.fr\/index.php\/wp-json\/wp\/v2\/pages\/193\/revisions"}],"predecessor-version":[{"id":196,"href":"https:\/\/cbnge.fr\/index.php\/wp-json\/wp\/v2\/pages\/193\/revisions\/196"}],"wp:attachment":[{"href":"https:\/\/cbnge.fr\/index.php\/wp-json\/wp\/v2\/media?parent=193"}],"curies":[{"name":"wp","href":"https:\/\/api.w.org\/{rel}","templated":true}]}}