{"id":183,"date":"2020-07-31T19:45:12","date_gmt":"2020-07-31T17:45:12","guid":{"rendered":"http:\/\/cbnge.fr\/?page_id=183"},"modified":"2020-08-26T11:57:38","modified_gmt":"2020-08-26T09:57:38","slug":"stage-des-internes-de-niveau-2-saspas","status":"publish","type":"page","link":"https:\/\/cbnge.fr\/index.php\/stage-des-internes-de-niveau-2-saspas\/","title":{"rendered":"Stage des internes de niveau 2 (SASPAS)"},"content":{"rendered":"\n<p>Le SASPAS est le Stage Ambulatoire en Soins Primaires en Autonomie Supervis\u00e9e.&nbsp;<\/p>\n\n\n\n<p>Pour \u00eatre MSU d&rsquo;un SASPAS, il faut avoir eu un interne niveau 1 pendant 3 ans.&nbsp;<\/p>\n\n\n\n<p>Il s&rsquo;agit d&rsquo;un deuxi\u00e8me stage en m\u00e9decine g\u00e9n\u00e9rale pendant le DES de MG, pour les internes se destinant \u00e0 la pratique ambulatoire de la MG. L&rsquo;objectif est de les pr\u00e9parer \u00e0 l&rsquo;exercice de la m\u00e9decine g\u00e9n\u00e9rale ambulatoire dans tous ses aspects, et dans l&rsquo;id\u00e9al, qu&rsquo;ils soient aptes \u00e0 s&rsquo;installer \u00e0 l&rsquo;issue de ce stage.<\/p>\n\n\n\n<p>L&rsquo;interne en SASPAS est en autonomie supervis\u00e9e. Il consulte seul, avec une supervision indirecte par ses MSU <strong>apr\u00e8s une p\u00e9riode d&rsquo;\u00e9valuation en d\u00e9but de stag<\/strong>e.<\/p>\n\n\n\n<p>L&rsquo;interne travaille une journ\u00e9e par semaine chez chacun de ses trois MSU.<\/p>\n\n\n\n<p>Il s&rsquo;agit d&rsquo;un stage professionnalisant, pas d&rsquo;un remplacement. Le nombre d&rsquo;actes effectu\u00e9s par l&rsquo;interne est&nbsp;<a href=\"http:\/\/www.cnge.fr\/media\/docs\/cnge_site\/cnge\/Circulaire_DGS-DES-2004_n_192_du_26_avril_2004_1.pdf\" target=\"_blank\" rel=\"noreferrer noopener\">fix\u00e9 par la loi<\/a>&nbsp;&nbsp;\u00e0 6 \u00e0 12 actes par demi-journ\u00e9es. Les recommandations locales sont de 20 actes par jour au maximum.<\/p>\n\n\n\n<p>Le MSU doit rester joignable \u00e0 tout moment par l&rsquo;interne, et effectue une supervision indirecte des consultations, apr\u00e8s les consultations. Cela peut s&rsquo;organiser en fin de journ\u00e9e, sur le temps du d\u00e9jeuner, \u00e9ventuellement le lendemain, en fonction de l&rsquo;organisation du stage. N&rsquo;h\u00e9sitez pas \u00e0 vous inscrire \u00e0 une&nbsp;<a href=\"http:\/\/www.cnge.fr\/la_formation\/formations\/detail\/73\/\" target=\"_blank\" rel=\"noreferrer noopener\">formation<\/a>&nbsp;\u00e0 l&rsquo;accueil des internes en SASPAS.&nbsp;<\/p>\n\n\n\n<p>En cas d&rsquo;absence de l&rsquo;un des MSU, il est possible de s&rsquo;arranger avec les autres MSU du trin\u00f4me pour l&rsquo;accueil de l&rsquo;interne.<\/p>\n\n\n\n<p>Le trin\u00f4me de MSU se r\u00e9unit au moins 3 fois par semestre pour faire le point sur l&rsquo;\u00e9valuation de l&rsquo;interne, ses comp\u00e9tences et les objectifs \u00e0 atteindre pour la suite du stage. Ces r\u00e9unions sont des moments importants pour l&rsquo;interne et les MSU.<\/p>\n\n\n\n<p>Note 1 : les internes en SASPAS ont g\u00e9n\u00e9ralement leur licence de remplacement. Il est cependant l\u00e9galement interdit \u00e0 l&rsquo;interne de remplacer ses MSU pendant son SASPAS.<\/p>\n\n\n\n<p>Note 2&nbsp;: Une redevance p\u00e9dagogique est demand\u00e9e aux MSU recevant des internes de m\u00e9decine g\u00e9n\u00e9rale en SASPAS. En effet, pour chaque trin\u00f4me, un des MSU devra remplir une des trois redevances p\u00e9dagogiques suivantes&nbsp;:<\/p>\n\n\n\n<p>&#8211; accueillir un externe en m\u00e9decine&nbsp;toute l\u2019ann\u00e9e ;<\/p>\n\n\n\n<p>&#8211; participer aux groupes d\u2019apprentissage d\u2019analyse de pratiques&nbsp;(8 s\u00e9ances de 2 heures par an) ;<\/p>\n\n\n\n<p>&#8211; \u00eatre tuteur de 4 internes de m\u00e9decine g\u00e9n\u00e9rale et les suivre durant les 3 ann\u00e9es du cursus du DES de m\u00e9decine g\u00e9n\u00e9rale.<\/p>\n","protected":false},"excerpt":{"rendered":"<p>Le SASPAS est le Stage Ambulatoire en Soins Primaires en Autonomie Supervis\u00e9e.&nbsp; Pour \u00eatre MSU d&rsquo;un SASPAS, il faut avoir eu un interne niveau 1 pendant 3 ans.&nbsp; Il s&rsquo;agit d&rsquo;un deuxi\u00e8me stage en m\u00e9decine g\u00e9n\u00e9rale pendant le DES de MG, pour les internes se destinant \u00e0 la pratique ambulatoire de la MG. L&rsquo;objectif est&hellip;&nbsp;<a href=\"https:\/\/cbnge.fr\/index.php\/stage-des-internes-de-niveau-2-saspas\/\" rel=\"bookmark\">Lire la suite &raquo;<span class=\"screen-reader-text\">Stage des internes de niveau 2 (SASPAS)<\/span><\/a><\/p>\n","protected":false},"author":1,"featured_media":0,"parent":0,"menu_order":0,"comment_status":"closed","ping_status":"closed","template":"","meta":{"neve_meta_sidebar":"full-width","neve_meta_container":"","neve_meta_enable_content_width":"on","neve_meta_content_width":100,"neve_meta_title_alignment":"","neve_meta_author_avatar":"","neve_post_elements_order":"","neve_meta_disable_header":"","neve_meta_disable_footer":"","neve_meta_disable_title":"","footnotes":""},"class_list":["post-183","page","type-page","status-publish","hentry"],"_links":{"self":[{"href":"https:\/\/cbnge.fr\/index.php\/wp-json\/wp\/v2\/pages\/183","targetHints":{"allow":["GET"]}}],"collection":[{"href":"https:\/\/cbnge.fr\/index.php\/wp-json\/wp\/v2\/pages"}],"about":[{"href":"https:\/\/cbnge.fr\/index.php\/wp-json\/wp\/v2\/types\/page"}],"author":[{"embeddable":true,"href":"https:\/\/cbnge.fr\/index.php\/wp-json\/wp\/v2\/users\/1"}],"replies":[{"embeddable":true,"href":"https:\/\/cbnge.fr\/index.php\/wp-json\/wp\/v2\/comments?post=183"}],"version-history":[{"count":3,"href":"https:\/\/cbnge.fr\/index.php\/wp-json\/wp\/v2\/pages\/183\/revisions"}],"predecessor-version":[{"id":208,"href":"https:\/\/cbnge.fr\/index.php\/wp-json\/wp\/v2\/pages\/183\/revisions\/208"}],"wp:attachment":[{"href":"https:\/\/cbnge.fr\/index.php\/wp-json\/wp\/v2\/media?parent=183"}],"curies":[{"name":"wp","href":"https:\/\/api.w.org\/{rel}","templated":true}]}}