{"id":180,"date":"2020-07-31T19:44:39","date_gmt":"2020-07-31T17:44:39","guid":{"rendered":"http:\/\/cbnge.fr\/?page_id=180"},"modified":"2020-07-31T19:44:39","modified_gmt":"2020-07-31T17:44:39","slug":"stage-des-internes-de-niveau-1","status":"publish","type":"page","link":"https:\/\/cbnge.fr\/index.php\/stage-des-internes-de-niveau-1\/","title":{"rendered":"Stage des internes de niveau 1"},"content":{"rendered":"\n<p>Il s&rsquo;agit du premier stage en m\u00e9decine g\u00e9n\u00e9rale des internes en DES de m\u00e9decine g\u00e9n\u00e9rale.<\/p>\n\n\n\n<p>Les internes en stage niveau 1 sont en premier ou deuxi\u00e8me semestre.<\/p>\n\n\n\n<p>Une&nbsp;<a href=\"http:\/\/www.cnge.fr\/media\/docs\/cnge_site\/cnge\/120910_Circulaire_Temps_travail_internes_1.pdf\" target=\"_blank\" rel=\"noreferrer noopener\">circulaire de septembre 2012<\/a>&nbsp;&nbsp;fixe le temps de travail des internes \u00e0 11 demi-journ\u00e9es par semaine, dont 2 demi-journ\u00e9es de formation.<\/p>\n\n\n\n<p>En pratique, compte-tenu des amplitudes horaires d&rsquo;une journ\u00e9e de travail en m\u00e9decine g\u00e9n\u00e9rale ambulatoire, il est admis qu&rsquo;une journ\u00e9e compl\u00e8te en m\u00e9decine g\u00e9n\u00e9rale peut correspondre \u00e0 trois demi-journ\u00e9es hospitali\u00e8res.<\/p>\n\n\n\n<p>L&rsquo;interne en stage de m\u00e9decine g\u00e9n\u00e9rale de niveau 1 effectue donc 3 \u00e0 4,5 journ\u00e9es de stage par semaine.<\/p>\n\n\n\n<p>On peut sch\u00e9matiquement d\u00e9crire trois phases pendant le stage de niveau 1:<\/p>\n\n\n\n<ul class=\"wp-block-list\"><li>L\u2019observation<strong> active<\/strong>, pendant laquelle l&rsquo;interne observe le MSU, \u00e9ventuellement \u00e0 l&rsquo;aide d&rsquo;outils d&rsquo;observation des consultations<\/li><li>La&nbsp;<strong>supervision directe<\/strong>, pendant laquelle l&rsquo;interne effectue la consultation en pr\u00e9sence de son MSU, avec un temps de r\u00e9troaction p\u00e9dagogique apr\u00e8s la consultation.<\/li><li>La&nbsp;<strong>supervision indirecte<\/strong>, pendant laquelle l&rsquo;interne effectue seul la consultation, avec un temps de r\u00e9troaction p\u00e9dagogique apr\u00e8s la consultation. Le MSU n&rsquo;est alors pas pr\u00e9sent physiquement pendant la consultation mais doit rester joignable \u00e0 tout moment par son interne.<\/li><\/ul>\n\n\n\n<p>Des formations sont propos\u00e9es par le CNGE et le CBNGE pour vous familiariser avec ces diff\u00e9rentes techniques p\u00e9dagogiques.<\/p>\n\n\n\n<p>En cas d&rsquo;absence de l&rsquo;un des MSU, il est possible de s&rsquo;arranger avec les autres MSU du trin\u00f4me pour l&rsquo;accueil de l&rsquo;interne.<\/p>\n\n\n\n<p>L&rsquo;interne ne peut consulter seul si son ma\u00eetre de stage n&rsquo;est pas disponible (par exemple pendant les vacances de son MSU)<\/p>\n\n\n\n<p>Le trin\u00f4me de MSU se r\u00e9unit au moins 3 fois par semestre pour faire le point sur l&rsquo;\u00e9valuation de l&rsquo;interne, ses comp\u00e9tences et les objectifs \u00e0 atteindre pour la suite du stage. Ces r\u00e9unions sont des moments importants pour l&rsquo;interne et les MSU.<\/p>\n","protected":false},"excerpt":{"rendered":"<p>Il s&rsquo;agit du premier stage en m\u00e9decine g\u00e9n\u00e9rale des internes en DES de m\u00e9decine g\u00e9n\u00e9rale. Les internes en stage niveau 1 sont en premier ou deuxi\u00e8me semestre. Une&nbsp;circulaire de septembre 2012&nbsp;&nbsp;fixe le temps de travail des internes \u00e0 11 demi-journ\u00e9es par semaine, dont 2 demi-journ\u00e9es de formation. En pratique, compte-tenu des amplitudes horaires d&rsquo;une journ\u00e9e&hellip;&nbsp;<a href=\"https:\/\/cbnge.fr\/index.php\/stage-des-internes-de-niveau-1\/\" rel=\"bookmark\">Lire la suite &raquo;<span class=\"screen-reader-text\">Stage des internes de niveau 1<\/span><\/a><\/p>\n","protected":false},"author":1,"featured_media":0,"parent":0,"menu_order":0,"comment_status":"closed","ping_status":"closed","template":"","meta":{"neve_meta_sidebar":"full-width","neve_meta_container":"","neve_meta_enable_content_width":"on","neve_meta_content_width":100,"neve_meta_title_alignment":"","neve_meta_author_avatar":"","neve_post_elements_order":"","neve_meta_disable_header":"","neve_meta_disable_footer":"","neve_meta_disable_title":"","iawp_total_views":2,"footnotes":""},"class_list":["post-180","page","type-page","status-publish","hentry"],"_links":{"self":[{"href":"https:\/\/cbnge.fr\/index.php\/wp-json\/wp\/v2\/pages\/180","targetHints":{"allow":["GET"]}}],"collection":[{"href":"https:\/\/cbnge.fr\/index.php\/wp-json\/wp\/v2\/pages"}],"about":[{"href":"https:\/\/cbnge.fr\/index.php\/wp-json\/wp\/v2\/types\/page"}],"author":[{"embeddable":true,"href":"https:\/\/cbnge.fr\/index.php\/wp-json\/wp\/v2\/users\/1"}],"replies":[{"embeddable":true,"href":"https:\/\/cbnge.fr\/index.php\/wp-json\/wp\/v2\/comments?post=180"}],"version-history":[{"count":1,"href":"https:\/\/cbnge.fr\/index.php\/wp-json\/wp\/v2\/pages\/180\/revisions"}],"predecessor-version":[{"id":182,"href":"https:\/\/cbnge.fr\/index.php\/wp-json\/wp\/v2\/pages\/180\/revisions\/182"}],"wp:attachment":[{"href":"https:\/\/cbnge.fr\/index.php\/wp-json\/wp\/v2\/media?parent=180"}],"curies":[{"name":"wp","href":"https:\/\/api.w.org\/{rel}","templated":true}]}}