{"id":177,"date":"2020-07-31T19:44:09","date_gmt":"2020-07-31T17:44:09","guid":{"rendered":"http:\/\/cbnge.fr\/?page_id=177"},"modified":"2020-07-31T19:44:09","modified_gmt":"2020-07-31T17:44:09","slug":"stage-des-externes-etudiant-de-deuxieme-cycle","status":"publish","type":"page","link":"https:\/\/cbnge.fr\/index.php\/stage-des-externes-etudiant-de-deuxieme-cycle\/","title":{"rendered":"Stage des externes (\u00e9tudiant de deuxi\u00e8me cycle)"},"content":{"rendered":"\n<p>Il s&rsquo;agit d&rsquo;un stage de 6 \u00e0 8 semaines, une journ\u00e9e par semaine, de 9h \u00e0 18h, chez trois MSU diff\u00e9rents pour les \u00e9tudiants en m\u00e9decine de 4<sup>\u00e8me<\/sup> ou 5<sup>\u00e8me<\/sup> ann\u00e9e. Ce stage est obligatoire pour valider le second cycle des \u00e9tudes m\u00e9dicales.<\/p>\n\n\n\n<p><strong>Objectifs du stage<\/strong>&nbsp;: d\u00e9couverte des points suivants<\/p>\n\n\n\n<ul class=\"wp-block-list\"><li>Conditions de l&rsquo;exercice de la m\u00e9decine g\u00e9n\u00e9rale en structure ambulatoire&nbsp;;<\/li><li>Prise en charge globale du patient et approche centr\u00e9e sur le patient&nbsp;;<\/li><li>Coordination des soins et suivi au long cours&nbsp;;<\/li><li>Relation m\u00e9decin-patient en m\u00e9decine g\u00e9n\u00e9rale&nbsp;;<\/li><li>D\u00e9marche clinique en m\u00e9decine g\u00e9n\u00e9rale, s\u00e9miologie des stades pr\u00e9coces des maladies et des maladies pr\u00e9valentes en ambulatoire&nbsp;;<\/li><li>Pr\u00e9vention, d\u00e9pistage, et enjeux de sant\u00e9 publique&nbsp;;<\/li><li>Notions d&rsquo;\u00e9thique, de droit et de responsabilit\u00e9 m\u00e9dicale en m\u00e9decine g\u00e9n\u00e9rale&nbsp;;<\/li><li>Education th\u00e9rapeutique&nbsp;;<\/li><\/ul>\n\n\n\n<p>Pour les MSU, il s&rsquo;agit de faire participer l&rsquo;externes \u00e0 des consultations et visites de m\u00e9decine g\u00e9n\u00e9rale, en observateur actif, ou en supervision directe.<\/p>\n","protected":false},"excerpt":{"rendered":"<p>Il s&rsquo;agit d&rsquo;un stage de 6 \u00e0 8 semaines, une journ\u00e9e par semaine, de 9h \u00e0 18h, chez trois MSU diff\u00e9rents pour les \u00e9tudiants en m\u00e9decine de 4\u00e8me ou 5\u00e8me ann\u00e9e. Ce stage est obligatoire pour valider le second cycle des \u00e9tudes m\u00e9dicales. Objectifs du stage&nbsp;: d\u00e9couverte des points suivants Conditions de l&rsquo;exercice de la&hellip;&nbsp;<a href=\"https:\/\/cbnge.fr\/index.php\/stage-des-externes-etudiant-de-deuxieme-cycle\/\" rel=\"bookmark\">Lire la suite &raquo;<span class=\"screen-reader-text\">Stage des externes (\u00e9tudiant de deuxi\u00e8me cycle)<\/span><\/a><\/p>\n","protected":false},"author":1,"featured_media":0,"parent":0,"menu_order":0,"comment_status":"closed","ping_status":"closed","template":"","meta":{"neve_meta_sidebar":"full-width","neve_meta_container":"","neve_meta_enable_content_width":"on","neve_meta_content_width":100,"neve_meta_title_alignment":"","neve_meta_author_avatar":"","neve_post_elements_order":"","neve_meta_disable_header":"","neve_meta_disable_footer":"","neve_meta_disable_title":"","iawp_total_views":0,"footnotes":""},"class_list":["post-177","page","type-page","status-publish","hentry"],"_links":{"self":[{"href":"https:\/\/cbnge.fr\/index.php\/wp-json\/wp\/v2\/pages\/177","targetHints":{"allow":["GET"]}}],"collection":[{"href":"https:\/\/cbnge.fr\/index.php\/wp-json\/wp\/v2\/pages"}],"about":[{"href":"https:\/\/cbnge.fr\/index.php\/wp-json\/wp\/v2\/types\/page"}],"author":[{"embeddable":true,"href":"https:\/\/cbnge.fr\/index.php\/wp-json\/wp\/v2\/users\/1"}],"replies":[{"embeddable":true,"href":"https:\/\/cbnge.fr\/index.php\/wp-json\/wp\/v2\/comments?post=177"}],"version-history":[{"count":1,"href":"https:\/\/cbnge.fr\/index.php\/wp-json\/wp\/v2\/pages\/177\/revisions"}],"predecessor-version":[{"id":179,"href":"https:\/\/cbnge.fr\/index.php\/wp-json\/wp\/v2\/pages\/177\/revisions\/179"}],"wp:attachment":[{"href":"https:\/\/cbnge.fr\/index.php\/wp-json\/wp\/v2\/media?parent=177"}],"curies":[{"name":"wp","href":"https:\/\/api.w.org\/{rel}","templated":true}]}}