{"id":171,"date":"2020-07-31T19:40:22","date_gmt":"2020-07-31T17:40:22","guid":{"rendered":"http:\/\/cbnge.fr\/?page_id=171"},"modified":"2020-07-31T19:41:19","modified_gmt":"2020-07-31T17:41:19","slug":"la-revue-exercer","status":"publish","type":"page","link":"https:\/\/cbnge.fr\/index.php\/la-revue-exercer\/","title":{"rendered":"La revue Exercer"},"content":{"rendered":"\n<p>La revue&nbsp;<strong>exercer<\/strong>&nbsp;a \u00e9t\u00e9 cr\u00e9\u00e9e en juin 1989 par l\u2019Institut fran\u00e7ais pour l\u2019\u00e9tude et le d\u00e9veloppement de la m\u00e9decine g\u00e9n\u00e9rale (IFED-MG) et son pr\u00e9sident Albert Hercek. A ses d\u00e9buts, cette publication \u00e9tait un moyen&nbsp;<em>\u00ab d\u2019affirmer leur sp\u00e9cificit\u00e9 pour des g\u00e9n\u00e9ralistes qui aspirent \u00e0 la l\u00e9gitime reconnaissance de la qualit\u00e9 de leur exercice \u00bb.<\/em>&nbsp;La revue, vitrine des r\u00e9flexions sur la pratique, l\u2019\u00e9tude et la recherche en m\u00e9decine g\u00e9n\u00e9rale, \u00e9tait le vecteur de diffusion des multiples expressions de la discipline.<\/p>\n\n\n\n<p>L\u2019IFED MG a pass\u00e9 le flambeau au Coll\u00e8ge national des g\u00e9n\u00e9ralistes enseignants en 2001. Nouvelle structure, nouvelle gouvernance et nouvel essor pour la revue distribu\u00e9e dor\u00e9navant aux membres de la soci\u00e9t\u00e9 scientifique.<\/p>\n\n\n\n<p>En 2008, \u00abExercer\u00bb devient&nbsp;<strong>exercer, la revue fran\u00e7aise de m\u00e9decine g\u00e9n\u00e9rale<\/strong>&nbsp;avec des objectifs ambitieux dans une nouvelle d\u00e9marche \u00e9ditoriale scientifique, construite, progressive et r\u00e9aliste. Le num\u00e9ro 80 de janvier 2008 a inaugur\u00e9 cette nouvelle dynamique. Il \u00e9tait accompagn\u00e9 d\u2019un suppl\u00e9ment qui faisait l\u2019analyse synth\u00e8se commentaire des meilleures pr\u00e9sentations scientifiques du congr\u00e8s de m\u00e9decine g\u00e9n\u00e9rale WONCA Europe qui s\u2019est tenu \u00e0 Paris en octobre 2007.<\/p>\n\n\n\n<p>La revue est devenue un bimestriel avec 2 suppl\u00e9ments congr\u00e8s CNGE, CMGF et EGPRN. La revue&nbsp;<strong>exercer<\/strong><strong>&nbsp;<\/strong>est devenue&nbsp;<strong>la revue francophone de m\u00e9decine g\u00e9n\u00e9rale<\/strong>&nbsp;avec la cr\u00e9ation de son conseil international. Depuis janvier 2017, la revue comporte 10 num\u00e9ros par an. En plus de l\u2019\u00e9quipe de r\u00e9daction, des responsables de rubrique (soins, science de l\u2019\u00e9ducation, publications phares, gestes techniques, test de lecture) participent \u00e0 la r\u00e9alisation de ce mensuel (sauf juillet, aout).<\/p>\n\n\n\n<p>La nouvelle maquette d\u2019<strong>exercer<\/strong>&nbsp;associe lisibilit\u00e9 et esth\u00e9tique. Les pictogrammes permettent d\u2019identifier facilement la nature de l\u2019article&nbsp;: soins, recherche, \u00e9ducation, br\u00e8ves, publications phares.<\/p>\n\n\n\n<p>Retrouver la revue sur <a href=\"http:\/\/www.exercer.fr\" target=\"_blank\" rel=\"noreferrer noopener\">http:\/\/www.exercer.fr<\/a><\/p>\n","protected":false},"excerpt":{"rendered":"<p>La revue&nbsp;exercer&nbsp;a \u00e9t\u00e9 cr\u00e9\u00e9e en juin 1989 par l\u2019Institut fran\u00e7ais pour l\u2019\u00e9tude et le d\u00e9veloppement de la m\u00e9decine g\u00e9n\u00e9rale (IFED-MG) et son pr\u00e9sident Albert Hercek. A ses d\u00e9buts, cette publication \u00e9tait un moyen&nbsp;\u00ab d\u2019affirmer leur sp\u00e9cificit\u00e9 pour des g\u00e9n\u00e9ralistes qui aspirent \u00e0 la l\u00e9gitime reconnaissance de la qualit\u00e9 de leur exercice \u00bb.&nbsp;La revue, vitrine des&hellip;&nbsp;<a href=\"https:\/\/cbnge.fr\/index.php\/la-revue-exercer\/\" rel=\"bookmark\">Lire la suite &raquo;<span class=\"screen-reader-text\">La revue Exercer<\/span><\/a><\/p>\n","protected":false},"author":1,"featured_media":0,"parent":0,"menu_order":0,"comment_status":"closed","ping_status":"closed","template":"","meta":{"neve_meta_sidebar":"full-width","neve_meta_container":"","neve_meta_enable_content_width":"on","neve_meta_content_width":100,"neve_meta_title_alignment":"","neve_meta_author_avatar":"","neve_post_elements_order":"","neve_meta_disable_header":"","neve_meta_disable_footer":"","neve_meta_disable_title":"","iawp_total_views":3,"footnotes":""},"class_list":["post-171","page","type-page","status-publish","hentry"],"_links":{"self":[{"href":"https:\/\/cbnge.fr\/index.php\/wp-json\/wp\/v2\/pages\/171","targetHints":{"allow":["GET"]}}],"collection":[{"href":"https:\/\/cbnge.fr\/index.php\/wp-json\/wp\/v2\/pages"}],"about":[{"href":"https:\/\/cbnge.fr\/index.php\/wp-json\/wp\/v2\/types\/page"}],"author":[{"embeddable":true,"href":"https:\/\/cbnge.fr\/index.php\/wp-json\/wp\/v2\/users\/1"}],"replies":[{"embeddable":true,"href":"https:\/\/cbnge.fr\/index.php\/wp-json\/wp\/v2\/comments?post=171"}],"version-history":[{"count":3,"href":"https:\/\/cbnge.fr\/index.php\/wp-json\/wp\/v2\/pages\/171\/revisions"}],"predecessor-version":[{"id":175,"href":"https:\/\/cbnge.fr\/index.php\/wp-json\/wp\/v2\/pages\/171\/revisions\/175"}],"wp:attachment":[{"href":"https:\/\/cbnge.fr\/index.php\/wp-json\/wp\/v2\/media?parent=171"}],"curies":[{"name":"wp","href":"https:\/\/api.w.org\/{rel}","templated":true}]}}