{"id":168,"date":"2020-07-31T19:37:52","date_gmt":"2020-07-31T17:37:52","guid":{"rendered":"http:\/\/cbnge.fr\/?page_id=168"},"modified":"2020-07-31T19:37:53","modified_gmt":"2020-07-31T17:37:53","slug":"directeur-de-these","status":"publish","type":"page","link":"https:\/\/cbnge.fr\/index.php\/directeur-de-these\/","title":{"rendered":"Directeur de th\u00e8se"},"content":{"rendered":"\n<p>Au-del\u00e0 de la fonction de MSU, d\u00e9j\u00e0 essentielle pour la formation des \u00e9tudiants, vous pouvez vous investir autrement dans l&rsquo;enseignement et la recherche :<\/p>\n\n\n\n<ul class=\"wp-block-list\"><li>devenir directeur de th\u00e8se (avec l&rsquo;aide des enseignants du DMG et une \u00e9ventuelle formation) ;<\/li><li>participer \u00e0 la recherche en m\u00e9decine g\u00e9n\u00e9rale ;<\/li><li>participer \u00e0 l&rsquo;enseignement de la m\u00e9decine g\u00e9n\u00e9rale au sein du DMG.<\/li><\/ul>\n\n\n\n<p>Si vous \u00eates interess\u00e9(e), n&rsquo;h\u00e9sitez pas \u00e0 contacter le&nbsp;D\u00e9partement de m\u00e9decine g\u00e9n\u00e9rale. Contact&nbsp;: noemie.jardin@unicaen.fr<\/p>\n","protected":false},"excerpt":{"rendered":"<p>Au-del\u00e0 de la fonction de MSU, d\u00e9j\u00e0 essentielle pour la formation des \u00e9tudiants, vous pouvez vous investir autrement dans l&rsquo;enseignement et la recherche : devenir directeur de th\u00e8se (avec l&rsquo;aide des enseignants du DMG et une \u00e9ventuelle formation) ; participer \u00e0 la recherche en m\u00e9decine g\u00e9n\u00e9rale ; participer \u00e0 l&rsquo;enseignement de la m\u00e9decine g\u00e9n\u00e9rale au&hellip;&nbsp;<a href=\"https:\/\/cbnge.fr\/index.php\/directeur-de-these\/\" rel=\"bookmark\">Lire la suite &raquo;<span class=\"screen-reader-text\">Directeur de th\u00e8se<\/span><\/a><\/p>\n","protected":false},"author":1,"featured_media":0,"parent":0,"menu_order":0,"comment_status":"closed","ping_status":"closed","template":"","meta":{"neve_meta_sidebar":"full-width","neve_meta_container":"","neve_meta_enable_content_width":"on","neve_meta_content_width":100,"neve_meta_title_alignment":"","neve_meta_author_avatar":"","neve_post_elements_order":"","neve_meta_disable_header":"","neve_meta_disable_footer":"","neve_meta_disable_title":"","footnotes":""},"class_list":["post-168","page","type-page","status-publish","hentry"],"_links":{"self":[{"href":"https:\/\/cbnge.fr\/index.php\/wp-json\/wp\/v2\/pages\/168","targetHints":{"allow":["GET"]}}],"collection":[{"href":"https:\/\/cbnge.fr\/index.php\/wp-json\/wp\/v2\/pages"}],"about":[{"href":"https:\/\/cbnge.fr\/index.php\/wp-json\/wp\/v2\/types\/page"}],"author":[{"embeddable":true,"href":"https:\/\/cbnge.fr\/index.php\/wp-json\/wp\/v2\/users\/1"}],"replies":[{"embeddable":true,"href":"https:\/\/cbnge.fr\/index.php\/wp-json\/wp\/v2\/comments?post=168"}],"version-history":[{"count":1,"href":"https:\/\/cbnge.fr\/index.php\/wp-json\/wp\/v2\/pages\/168\/revisions"}],"predecessor-version":[{"id":170,"href":"https:\/\/cbnge.fr\/index.php\/wp-json\/wp\/v2\/pages\/168\/revisions\/170"}],"wp:attachment":[{"href":"https:\/\/cbnge.fr\/index.php\/wp-json\/wp\/v2\/media?parent=168"}],"curies":[{"name":"wp","href":"https:\/\/api.w.org\/{rel}","templated":true}]}}