{"id":164,"date":"2020-07-31T19:35:02","date_gmt":"2020-07-31T17:35:02","guid":{"rendered":"http:\/\/cbnge.fr\/?page_id=164"},"modified":"2020-07-31T19:35:11","modified_gmt":"2020-07-31T17:35:11","slug":"enseigner","status":"publish","type":"page","link":"https:\/\/cbnge.fr\/index.php\/enseigner\/","title":{"rendered":"Enseigner"},"content":{"rendered":"\n<p>Dans le cadre du DES, les internes de m\u00e9decine g\u00e9n\u00e9rale ont diff\u00e9rents enseignements qui leurs sont prodigu\u00e9s&nbsp;:<\/p>\n\n\n\n<h3 class=\"wp-block-heading\"><span style=\"color:#cc0000\" class=\"has-inline-color\">Le portfolio \u2013 le tutorat<\/span><\/h3>\n\n\n\n<p>Le tutorat est un enseignement individualis\u00e9 qui s\u2019appuie sur le lien constant avec un tuteur tous au long du cursus du DES de m\u00e9decine g\u00e9n\u00e9rale, des r\u00e9unions r\u00e9guli\u00e8res individualis\u00e9es et l\u2019utilisation d\u2019un outil sp\u00e9cifique\u00a0: le\u00a0portfolio.<\/p>\n\n\n\n<p>Le portfolio est un outil interactif et personnel pour aider les internes dans la d\u00e9marche d\u2019auto-\u00e9valuation,et a ainsi montrer l\u2019acquisition de comp\u00e9tences en m\u00e9decine g\u00e9n\u00e9rale. (LIEN vers les comp\u00e9tences)<\/p>\n\n\n\n<p>Ainsi, le tutorat doit permettre \u00e0 l\u2019interne, d\u2019\u00eatre le moteur de sa formation \u00e0 l\u2019exercice de la m\u00e9decine g\u00e9n\u00e9rale. Cette m\u00e9thode p\u00e9dagogique, lui permet d\u2019avoir d\u00e8s le premier semestre une proximit\u00e9 avec la m\u00e9decine g\u00e9n\u00e9rale. Il doit acqu\u00e9rir les comp\u00e9tences professionnelles de m\u00e9decine g\u00e9n\u00e9rale tout au long du DES et pour cela \u00ab&nbsp;apprendre \u00e0 apprendre&nbsp;\u00bb&nbsp;: il est responsable et autonome.<\/p>\n\n\n\n<p>Cette m\u00e9thode d\u2019enseignement implique de d\u00e9velopper auto\u00e9valuation et r\u00e9flexion sur la pratique professionnelle, qualit\u00e9s n\u00e9cessaires et indispensables tout au long de la carri\u00e8re de futurs g\u00e9n\u00e9ralistes.<\/p>\n\n\n\n<p>Devenir tuteur, c\u2019est possible! G\u00e9rer un groupe d\u2019internes et les accompagner tout au long de leur DES est une riche exp\u00e9rience.<\/p>\n\n\n\n<p>Nous recherchons de nouveaux tuteurs ! Les MSU int\u00e9ress\u00e9s peuvent contacter No\u00e9mie JARDIN&nbsp;: noemie.jardin@unicaen.fr<\/p>\n\n\n\n<h3 class=\"wp-block-heading\"><span style=\"color:#cc0000\" class=\"has-inline-color\">Les groupes d\u2019apprentissage \u00e0 l\u2019analyse de pratique<\/span><\/h3>\n\n\n\n<p>Description en cours de r\u00e9alisation.<\/p>\n\n\n\n<h3 class=\"wp-block-heading\"><span style=\"color:#cc0000\" class=\"has-inline-color\">Les s\u00e9minaires<\/span><\/h3>\n\n\n\n<p>Description en cours de r\u00e9alisation.<\/p>\n","protected":false},"excerpt":{"rendered":"<p>Dans le cadre du DES, les internes de m\u00e9decine g\u00e9n\u00e9rale ont diff\u00e9rents enseignements qui leurs sont prodigu\u00e9s&nbsp;: Le portfolio \u2013 le tutorat Le tutorat est un enseignement individualis\u00e9 qui s\u2019appuie sur le lien constant avec un tuteur tous au long du cursus du DES de m\u00e9decine g\u00e9n\u00e9rale, des r\u00e9unions r\u00e9guli\u00e8res individualis\u00e9es et l\u2019utilisation d\u2019un outil&hellip;&nbsp;<a href=\"https:\/\/cbnge.fr\/index.php\/enseigner\/\" rel=\"bookmark\">Lire la suite &raquo;<span class=\"screen-reader-text\">Enseigner<\/span><\/a><\/p>\n","protected":false},"author":1,"featured_media":0,"parent":0,"menu_order":0,"comment_status":"closed","ping_status":"closed","template":"","meta":{"neve_meta_sidebar":"full-width","neve_meta_container":"","neve_meta_enable_content_width":"on","neve_meta_content_width":100,"neve_meta_title_alignment":"","neve_meta_author_avatar":"","neve_post_elements_order":"","neve_meta_disable_header":"","neve_meta_disable_footer":"","neve_meta_disable_title":"","iawp_total_views":0,"footnotes":""},"class_list":["post-164","page","type-page","status-publish","hentry"],"_links":{"self":[{"href":"https:\/\/cbnge.fr\/index.php\/wp-json\/wp\/v2\/pages\/164","targetHints":{"allow":["GET"]}}],"collection":[{"href":"https:\/\/cbnge.fr\/index.php\/wp-json\/wp\/v2\/pages"}],"about":[{"href":"https:\/\/cbnge.fr\/index.php\/wp-json\/wp\/v2\/types\/page"}],"author":[{"embeddable":true,"href":"https:\/\/cbnge.fr\/index.php\/wp-json\/wp\/v2\/users\/1"}],"replies":[{"embeddable":true,"href":"https:\/\/cbnge.fr\/index.php\/wp-json\/wp\/v2\/comments?post=164"}],"version-history":[{"count":3,"href":"https:\/\/cbnge.fr\/index.php\/wp-json\/wp\/v2\/pages\/164\/revisions"}],"predecessor-version":[{"id":368,"href":"https:\/\/cbnge.fr\/index.php\/wp-json\/wp\/v2\/pages\/164\/revisions\/368"}],"wp:attachment":[{"href":"https:\/\/cbnge.fr\/index.php\/wp-json\/wp\/v2\/media?parent=164"}],"curies":[{"name":"wp","href":"https:\/\/api.w.org\/{rel}","templated":true}]}}