{"id":157,"date":"2020-07-31T19:29:07","date_gmt":"2020-07-31T17:29:07","guid":{"rendered":"http:\/\/cbnge.fr\/?page_id=157"},"modified":"2020-07-31T19:33:13","modified_gmt":"2020-07-31T17:33:13","slug":"ouvrages-de-references","status":"publish","type":"page","link":"https:\/\/cbnge.fr\/index.php\/ouvrages-de-references\/","title":{"rendered":"Ouvrages de r\u00e9f\u00e9rences"},"content":{"rendered":"\n<p><a href=\"https:\/\/cbnge.fr\/wp-content\/uploads\/2020\/07\/Compagnon-et-al.-2013-D\u00e9finitions-et-descriptions-des-comp\u00e9tences-en-m\u00e9d.pdf\" target=\"_blank\" rel=\"noreferrer noopener\">Comp\u00e9tences et familles de situation<\/a><\/p>\n\n\n\n<p><a href=\"http:\/\/www.sfmg.org\/actualites\/publications\/manuel_theorique_de_medecine_generale.html\" target=\"_blank\" rel=\"noreferrer noopener\">Manuel th\u00e9orique de m\u00e9decine g\u00e9n\u00e9rale<\/a><\/p>\n\n\n\n<p><a href=\"https:\/\/www.cnge.fr\/les_productions_scientifiques\/traite_de_therapeutique_en_medecine_generale_editi\/\" target=\"_blank\" rel=\"noreferrer noopener\">Th\u00e9rapeutique en m\u00e9decine g\u00e9n\u00e9rale<\/a><\/p>\n\n\n\n<p><a href=\"https:\/\/www.cnge.fr\/les_productions_scientifiques\/donnees_pour_exercer_le_nouvel_ouvrage_de_cnge_pro\/\" target=\"_blank\" rel=\"noreferrer noopener\">Donn\u00e9es pour exercer<\/a><\/p>\n\n\n\n<p><a href=\"https:\/\/www.cnge.fr\/les_productions_scientifiques\/presentation_de_la_revue_exercer\/\" target=\"_blank\" rel=\"noreferrer noopener\">La revue exercer<\/a><\/p>\n\n\n\n<p><a href=\"http:\/\/www.prescrire.org\/fr\/Summary.aspx\" target=\"_blank\" rel=\"noreferrer noopener\">Prescrire<\/a><\/p>\n\n\n\n<p><a href=\"https:\/\/www.cnge.fr\/les_productions_scientifiques\/initiation_la_recherche_2eme_edition\/\" target=\"_blank\" rel=\"noreferrer noopener\">Initiation \u00e0 la recherche<\/a><\/p>\n\n\n\n<p><a href=\"https:\/\/www.cnge.fr\/les_productions_scientifiques\/referentiels_metiers_et_competences\/\" target=\"_blank\" rel=\"noreferrer noopener\">R\u00e9f\u00e9rentiel m\u00e9tiers et comp\u00e9tences&nbsp;(MG, SF, Gyn\u00e9co-Obs)<\/a><\/p>\n","protected":false},"excerpt":{"rendered":"<p>Comp\u00e9tences et familles de situation Manuel th\u00e9orique de m\u00e9decine g\u00e9n\u00e9rale Th\u00e9rapeutique en m\u00e9decine g\u00e9n\u00e9rale Donn\u00e9es pour exercer La revue exercer Prescrire Initiation \u00e0 la recherche R\u00e9f\u00e9rentiel m\u00e9tiers et comp\u00e9tences&nbsp;(MG, SF, Gyn\u00e9co-Obs)<\/p>\n","protected":false},"author":1,"featured_media":0,"parent":0,"menu_order":0,"comment_status":"closed","ping_status":"closed","template":"","meta":{"neve_meta_sidebar":"full-width","neve_meta_container":"","neve_meta_enable_content_width":"on","neve_meta_content_width":100,"neve_meta_title_alignment":"","neve_meta_author_avatar":"","neve_post_elements_order":"","neve_meta_disable_header":"","neve_meta_disable_footer":"","neve_meta_disable_title":"","iawp_total_views":2,"footnotes":""},"class_list":["post-157","page","type-page","status-publish","hentry"],"_links":{"self":[{"href":"https:\/\/cbnge.fr\/index.php\/wp-json\/wp\/v2\/pages\/157","targetHints":{"allow":["GET"]}}],"collection":[{"href":"https:\/\/cbnge.fr\/index.php\/wp-json\/wp\/v2\/pages"}],"about":[{"href":"https:\/\/cbnge.fr\/index.php\/wp-json\/wp\/v2\/types\/page"}],"author":[{"embeddable":true,"href":"https:\/\/cbnge.fr\/index.php\/wp-json\/wp\/v2\/users\/1"}],"replies":[{"embeddable":true,"href":"https:\/\/cbnge.fr\/index.php\/wp-json\/wp\/v2\/comments?post=157"}],"version-history":[{"count":2,"href":"https:\/\/cbnge.fr\/index.php\/wp-json\/wp\/v2\/pages\/157\/revisions"}],"predecessor-version":[{"id":163,"href":"https:\/\/cbnge.fr\/index.php\/wp-json\/wp\/v2\/pages\/157\/revisions\/163"}],"wp:attachment":[{"href":"https:\/\/cbnge.fr\/index.php\/wp-json\/wp\/v2\/media?parent=157"}],"curies":[{"name":"wp","href":"https:\/\/api.w.org\/{rel}","templated":true}]}}