{"id":139,"date":"2020-07-24T16:32:54","date_gmt":"2020-07-24T14:32:54","guid":{"rendered":"http:\/\/cbnge.fr\/?page_id=139"},"modified":"2020-08-31T22:36:02","modified_gmt":"2020-08-31T20:36:02","slug":"droits-et-devoirs-du-msu","status":"publish","type":"page","link":"https:\/\/cbnge.fr\/index.php\/droits-et-devoirs-du-msu\/","title":{"rendered":"Droits et devoirs du MSU"},"content":{"rendered":"\n<p>Une fois form\u00e9 et agr\u00e9\u00e9, le MSU pourra recevoir des \u00e9tudiants. Attention, \u00eatre agr\u00e9\u00e9 ne veut pas dire recevoir syst\u00e9matiquement des \u00e9tudiants. En effet, \u00e0 chaque p\u00e9riode de choix, il y a plus de postes que d\u2019\u00e9tudiants (pas d\u2019ad\u00e9quation du nombre de postes, 107% de postes).<\/p>\n\n\n\n<p>De plus, le MSU devra suivre la charte du MSU (<a href=\"https:\/\/www.cnge.fr\/le_cnge\/textes_de_reference_du_cnge\/la_charte_des_maitres_de_stage_universitaires_msu\/\" target=\"_blank\" rel=\"noreferrer noopener\">consultable sur le site du CNGE<\/a>)<\/p>\n\n\n\n<p>Enfin, une redevance p\u00e9dagogique est demand\u00e9e aux MSU recevant des internes de m\u00e9decine g\u00e9n\u00e9rale en SASPAS. En effet, pour chaque trin\u00f4me, au minimum un des MSU <b>devra accueillir un \u00e9tudiant en supervision directe (externe en m\u00e9decine ou internes en stage de niveau 1) et remplir une des deux redevances p\u00e9dagogiques suivantes :<\/b><\/p>\n<ul>\n<li>participer aux groupes d&rsquo;apprentissage d&rsquo;analyse de pratiques (8 s\u00e9ance de 2 heures par an) ;<\/li>\n<li>\u00eatre tuteur d&rsquo;internes de m\u00e9decine g\u00e9n\u00e9rale et les suivre durant les 3 ann\u00e9es du cursus du DES de m\u00e9decine g\u00e9n\u00e9rale<\/li>\n<\/ul>\n","protected":false},"excerpt":{"rendered":"<p>Une fois form\u00e9 et agr\u00e9\u00e9, le MSU pourra recevoir des \u00e9tudiants. Attention, \u00eatre agr\u00e9\u00e9 ne veut pas dire recevoir syst\u00e9matiquement des \u00e9tudiants. En effet, \u00e0 chaque p\u00e9riode de choix, il y a plus de postes que d\u2019\u00e9tudiants (pas d\u2019ad\u00e9quation du nombre de postes, 107% de postes). De plus, le MSU devra suivre la charte du&hellip;&nbsp;<a href=\"https:\/\/cbnge.fr\/index.php\/droits-et-devoirs-du-msu\/\" rel=\"bookmark\">Lire la suite &raquo;<span class=\"screen-reader-text\">Droits et devoirs du MSU<\/span><\/a><\/p>\n","protected":false},"author":1,"featured_media":0,"parent":0,"menu_order":0,"comment_status":"closed","ping_status":"closed","template":"","meta":{"neve_meta_sidebar":"full-width","neve_meta_container":"","neve_meta_enable_content_width":"on","neve_meta_content_width":100,"neve_meta_title_alignment":"","neve_meta_author_avatar":"","neve_post_elements_order":"","neve_meta_disable_header":"","neve_meta_disable_footer":"","neve_meta_disable_title":"","footnotes":""},"class_list":["post-139","page","type-page","status-publish","hentry"],"_links":{"self":[{"href":"https:\/\/cbnge.fr\/index.php\/wp-json\/wp\/v2\/pages\/139","targetHints":{"allow":["GET"]}}],"collection":[{"href":"https:\/\/cbnge.fr\/index.php\/wp-json\/wp\/v2\/pages"}],"about":[{"href":"https:\/\/cbnge.fr\/index.php\/wp-json\/wp\/v2\/types\/page"}],"author":[{"embeddable":true,"href":"https:\/\/cbnge.fr\/index.php\/wp-json\/wp\/v2\/users\/1"}],"replies":[{"embeddable":true,"href":"https:\/\/cbnge.fr\/index.php\/wp-json\/wp\/v2\/comments?post=139"}],"version-history":[{"count":7,"href":"https:\/\/cbnge.fr\/index.php\/wp-json\/wp\/v2\/pages\/139\/revisions"}],"predecessor-version":[{"id":216,"href":"https:\/\/cbnge.fr\/index.php\/wp-json\/wp\/v2\/pages\/139\/revisions\/216"}],"wp:attachment":[{"href":"https:\/\/cbnge.fr\/index.php\/wp-json\/wp\/v2\/media?parent=139"}],"curies":[{"name":"wp","href":"https:\/\/api.w.org\/{rel}","templated":true}]}}