{"id":126,"date":"2020-07-24T16:27:27","date_gmt":"2020-07-24T14:27:27","guid":{"rendered":"http:\/\/cbnge.fr\/?page_id=126"},"modified":"2020-08-31T22:19:34","modified_gmt":"2020-08-31T20:19:34","slug":"boite-a-outils-du-msu","status":"publish","type":"page","link":"https:\/\/cbnge.fr\/index.php\/boite-a-outils-du-msu\/","title":{"rendered":"Bo\u00eete \u00e0 outils du MSU"},"content":{"rendered":"\n<p>En lien avec le DMG, le CBNGE a d\u00e9velopp\u00e9 une bo\u00eete \u00e0 outil du MSU, adapt\u00e9e \u00e0 chaque stage.<\/p>\n\n\n\n<h3 class=\"wp-block-heading\"><span style=\"color:#cc0000\" class=\"has-inline-color\">Les m\u00e9mos des stages des internes (troisi\u00e8me cycle)<\/span><\/h3>\n\n\n\n<div class=\"wp-block-file\"><a href=\"http:\/\/cbnge.fr\/wp-content\/uploads\/2020\/07\/Memo-Stage-Ambulatoire-niveau-1.pdf\">M\u00e9mo stage interne de niveau 1<\/a><a href=\"http:\/\/cbnge.fr\/wp-content\/uploads\/2020\/07\/Memo-Stage-Ambulatoire-niveau-1.pdf\" class=\"wp-block-file__button\" download>T\u00e9l\u00e9charger<\/a><\/div>\n\n\n\n<div class=\"wp-block-file\"><a href=\"http:\/\/cbnge.fr\/wp-content\/uploads\/2020\/07\/Memo-Stage-Ambulatoire-niveau-2-SASPAS.pdf\">M\u00e9mo SASPAS<\/a><a href=\"http:\/\/cbnge.fr\/wp-content\/uploads\/2020\/07\/Memo-Stage-Ambulatoire-niveau-2-SASPAS.pdf\" class=\"wp-block-file__button\" download>T\u00e9l\u00e9charger<\/a><\/div>\n\n\n\n<h3 class=\"wp-block-heading\"><span style=\"color:#cc0000\" class=\"has-inline-color\">Pour accompagner les internes<\/span><\/h3>\n\n\n\n<h4 class=\"wp-block-heading\">La grille Attali modifi\u00e9e<\/h4>\n\n\n\n<div class=\"wp-block-file\"><a href=\"http:\/\/cbnge.fr\/wp-content\/uploads\/2020\/07\/Grille-attali.pdf\">Grill Attali modifi\u00e9e pour l&rsquo;\u00e9valuation formative des internes (PDF)<\/a><a href=\"http:\/\/cbnge.fr\/wp-content\/uploads\/2020\/07\/Grille-attali.pdf\" class=\"wp-block-file__button\" download>T\u00e9l\u00e9charger<\/a><\/div>\n\n\n\n<div class=\"wp-block-file\"><a href=\"http:\/\/cbnge.fr\/wp-content\/uploads\/2020\/07\/Grille-attali.xlsx\">Grill Attali modifi\u00e9e pour l&rsquo;\u00e9valuation formative des internes (Excel)<\/a><a href=\"http:\/\/cbnge.fr\/wp-content\/uploads\/2020\/07\/Grille-attali.xlsx\" class=\"wp-block-file__button\" download>T\u00e9l\u00e9charger<\/a><\/div>\n\n\n\n<h4 class=\"wp-block-heading\">Le guide de Calgary-Cambridge<\/h4>\n\n\n\n<div class=\"wp-block-file\"><a href=\"http:\/\/cbnge.fr\/wp-content\/uploads\/2020\/07\/Grille-Calgary-modifi\u00e9e-2013-PB.doc\">Guide de Calgary-Cambridge modifi\u00e9 pour l&rsquo;analyse de l&rsquo;entrevue m\u00e9dicale <\/a><a href=\"http:\/\/cbnge.fr\/wp-content\/uploads\/2020\/07\/Grille-Calgary-modifi\u00e9e-2013-PB.doc\" class=\"wp-block-file__button\" download>T\u00e9l\u00e9charger<\/a><\/div>\n\n\n\n<h4 class=\"wp-block-heading\">Les guides d&rsquo;entretiens MSU\/internes<\/h4>\n\n\n\n<div class=\"wp-block-file\"><a href=\"http:\/\/cbnge.fr\/wp-content\/uploads\/2020\/07\/entretien-discution-de-cas.docx\">Guide d&rsquo;entretien pour la discussion de cas<\/a><a href=\"http:\/\/cbnge.fr\/wp-content\/uploads\/2020\/07\/entretien-discution-de-cas.docx\" class=\"wp-block-file__button\" download>T\u00e9l\u00e9charger<\/a><\/div>\n\n\n\n<div class=\"wp-block-file\"><a href=\"http:\/\/cbnge.fr\/wp-content\/uploads\/2020\/07\/Observation-entretien-dexplicitation.docx\">Guide d&rsquo;entretien pour l&rsquo;observation<\/a><a href=\"http:\/\/cbnge.fr\/wp-content\/uploads\/2020\/07\/Observation-entretien-dexplicitation.docx\" class=\"wp-block-file__button\" download>T\u00e9l\u00e9charger<\/a><\/div>\n\n\n\n<h3 class=\"wp-block-heading\"><span style=\"color:#cc0000\" class=\"has-inline-color\">Pour accompagner les externes (deuxi\u00e8me cycle)<\/span><\/h3>\n\n\n\n<div class=\"wp-block-file\"><a href=\"http:\/\/cbnge.fr\/wp-content\/uploads\/2020\/07\/S2CY-GRILLE-EVALUATION-COMPETENCES-TRANSVERSALES-DE-LEXTERNE.pdf\">Grille d'(auto)\u00e9valuation du stage d&rsquo;externat (comp\u00e9tences transversales)<\/a><a href=\"http:\/\/cbnge.fr\/wp-content\/uploads\/2020\/07\/S2CY-GRILLE-EVALUATION-COMPETENCES-TRANSVERSALES-DE-LEXTERNE.pdf\" class=\"wp-block-file__button\" download>T\u00e9l\u00e9charger<\/a><\/div>\n\n\n\n<div class=\"wp-block-file\"><a href=\"http:\/\/cbnge.fr\/wp-content\/uploads\/2020\/07\/S2CY-GRILLE-TACHES-APPRENTISSAGES-EXTERNAT.pdf\">Grille d'(auto)\u00e9valuation du stage d&rsquo;externat (t\u00e2ches sp\u00e9cifiques \u00e0 la MG)<\/a><a href=\"http:\/\/cbnge.fr\/wp-content\/uploads\/2020\/07\/S2CY-GRILLE-TACHES-APPRENTISSAGES-EXTERNAT.pdf\" class=\"wp-block-file__button\" download>T\u00e9l\u00e9charger<\/a><\/div>\n\n\n\n<hr class=\"wp-block-separator\"\/>\n\n\n\n<h3 class=\"wp-block-heading\"><span style=\"color:#cc0000\" class=\"has-inline-color\">Pour les internes en difficult\u00e9s<\/span><\/h3>\n\n\n\n<p>Pour les internes en difficult\u00e9, le DMG de l\u2019Universit\u00e9 de Caen Normandie reste l&rsquo;interlocuteur privil\u00e9gi\u00e9 pour nos \u00e9tudiants, que ce soit au niveau de leurs stages (ambulatoires ou hospitaliers), de leurs charges universitaires, ou \u00e9ventuellement de leur vie priv\u00e9e. Des dispositifs existent pour les accompagner.<\/p>\n\n\n\n<p>\u200bPour signaler un \u00e9tudiants en difficult\u00e9, merci de contacter No\u00e9mie JARDIN (<a href=\"mailto:noemie.jardin@unicaen.fr\">noemie.jardin@unicaen.fr<\/a>) qui transmettra aux r\u00e9f\u00e9rents du DMG.<\/p>\n\n\n\n<p>Par ailleurs, le Conseil National de l&rsquo;Ordre des M\u00e9decins rappelle \u00e9galement le num\u00e9ro d&rsquo;appel unique pour renforcer l&rsquo;assistance aux m\u00e9decins et Internes en difficult\u00e9, accessible 7 jours sur 7, 24h sur 24.<\/p>\n\n\n\n<p class=\"has-text-align-center\"><strong>0800 800&nbsp;854<\/strong><\/p>\n\n\n\n<h3 class=\"wp-block-heading\"><span style=\"color:#cc0000\" class=\"has-inline-color\">Pour les externes en difficult\u00e9s<\/span><\/h3>\n\n\n\n<p>Pour les externes en difficult\u00e9, vous pouvez contacter le CAO de l&rsquo;UFR Sant\u00e9 (Conseil d&rsquo;Aide \u00e0 l&rsquo;Orientation) dont les responsables actuels sont\u00a0Damien Legallois et Gu\u00e9naelle Levallet. Vous pouvez les contacter par courriel \u00e0 l&rsquo;adresse suivante : <a href=\"mailto:sante.cao@unicaen.fr\">sante.cao@unicaen.fr<\/a>.<\/p>\n","protected":false},"excerpt":{"rendered":"<p>En lien avec le DMG, le CBNGE a d\u00e9velopp\u00e9 une bo\u00eete \u00e0 outil du MSU, adapt\u00e9e \u00e0 chaque stage. Les m\u00e9mos des stages des internes (troisi\u00e8me cycle) Pour accompagner les internes La grille Attali modifi\u00e9e Le guide de Calgary-Cambridge Les guides d&rsquo;entretiens MSU\/internes Pour accompagner les externes (deuxi\u00e8me cycle) Pour les internes en difficult\u00e9s Pour&hellip;&nbsp;<a href=\"https:\/\/cbnge.fr\/index.php\/boite-a-outils-du-msu\/\" rel=\"bookmark\">Lire la suite &raquo;<span class=\"screen-reader-text\">Bo\u00eete \u00e0 outils du MSU<\/span><\/a><\/p>\n","protected":false},"author":1,"featured_media":0,"parent":0,"menu_order":0,"comment_status":"closed","ping_status":"closed","template":"","meta":{"neve_meta_sidebar":"full-width","neve_meta_container":"","neve_meta_enable_content_width":"on","neve_meta_content_width":100,"neve_meta_title_alignment":"","neve_meta_author_avatar":"","neve_post_elements_order":"","neve_meta_disable_header":"","neve_meta_disable_footer":"","neve_meta_disable_title":"","footnotes":""},"class_list":["post-126","page","type-page","status-publish","hentry"],"_links":{"self":[{"href":"https:\/\/cbnge.fr\/index.php\/wp-json\/wp\/v2\/pages\/126","targetHints":{"allow":["GET"]}}],"collection":[{"href":"https:\/\/cbnge.fr\/index.php\/wp-json\/wp\/v2\/pages"}],"about":[{"href":"https:\/\/cbnge.fr\/index.php\/wp-json\/wp\/v2\/types\/page"}],"author":[{"embeddable":true,"href":"https:\/\/cbnge.fr\/index.php\/wp-json\/wp\/v2\/users\/1"}],"replies":[{"embeddable":true,"href":"https:\/\/cbnge.fr\/index.php\/wp-json\/wp\/v2\/comments?post=126"}],"version-history":[{"count":6,"href":"https:\/\/cbnge.fr\/index.php\/wp-json\/wp\/v2\/pages\/126\/revisions"}],"predecessor-version":[{"id":212,"href":"https:\/\/cbnge.fr\/index.php\/wp-json\/wp\/v2\/pages\/126\/revisions\/212"}],"wp:attachment":[{"href":"https:\/\/cbnge.fr\/index.php\/wp-json\/wp\/v2\/media?parent=126"}],"curies":[{"name":"wp","href":"https:\/\/api.w.org\/{rel}","templated":true}]}}