{"id":118,"date":"2020-07-24T16:04:35","date_gmt":"2020-07-24T14:04:35","guid":{"rendered":"http:\/\/cbnge.fr\/?page_id=118"},"modified":"2020-08-31T22:42:09","modified_gmt":"2020-08-31T20:42:09","slug":"etre-msu","status":"publish","type":"page","link":"https:\/\/cbnge.fr\/index.php\/etre-msu\/","title":{"rendered":"\u00catre MSU"},"content":{"rendered":"\n<p>Un MSU est un ma\u00eetre de stage universitaire, qui peut \u00eatre ambulatoire (anciens ECA: Enseignants Cliniciens Ambulatoires). Le terme de MSU a \u00e9t\u00e9 retenu par le minist\u00e8re de l\u2019enseignement sup\u00e9rieur et met en avant la fonction p\u00e9dagogique et universitaire.<\/p>\n\n\n\n<p>Pour devenir MSU (pour encadrer des externes ou des internes), vous devez justifier de minimum un an d&rsquo;installation. Pour encadrer des internes (niveau 1 ou SASPAS), vous devez \u00e9galement justifier de 2 ans d&rsquo;exercice (sous la forme de 2 ans d&rsquo;installations ou d&rsquo;un an d&rsquo;installation et un an de remplacements).<\/p>\n\n\n\n<p>Vous devrez fournir :<\/p>\n<ul>\n<li>un <strong>dossier de candidature<\/strong> (t\u00e9l\u00e9chargeable en bas de page)<\/li>\n<li>prendre connaissance de la <strong>charte des ma\u00eetres de stage<\/strong> qu&rsquo;il vous faudra signer (<a href=\"https:\/\/www.cnge.fr\/le_cnge\/textes_de_reference_du_cnge\/la_charte_des_maitres_de_stage_universitaires_msu\/\" target=\"_blank\" rel=\"noopener noreferrer\">la charte est disponible sur le site du CNGE<\/a>)<\/li>\n<li><strong>vous inscrire \u00e0 l&rsquo;une des formations p\u00e9dagogiques<\/strong> pour devenir MSU (Initiation \u00e0 la ma\u00eetrise de stage, Supervision directe, ou Encadrement des externes). Voir la rubrique formation ce site<\/li>\n<\/ul>\n\n\n\n<p>Envoyez ensuite votre dossier&nbsp;au&nbsp;d\u00e9partement de m\u00e9decine g\u00e9n\u00e9rale&nbsp;de l\u2019Universit\u00e9 de Caen Normandie :<br>D\u00e9partement de m\u00e9decine g\u00e9n\u00e9rale &#8211; PFRS<br>Mme No\u00e9mie Jardin<br>2 Rue des Rochambelles<br>14032 CAEN Cedex 5<\/p>\n\n\n\n<p>Mme No\u00e9mie Jardin du D\u00e9partement est \u00e9galement disponible au 02.31.56.82.21 ou par courriel : <a href=\"mailto:noemie.jardin@unicaen.fr\">noemie.jardin(at)unicaen.fr<\/a><\/p>\n\n\n\n<p>Une fois votre dossier complet, il passe en&nbsp;<strong>commission d&rsquo;agr\u00e9ment<\/strong>&nbsp;\u00e0 la facult\u00e9. Lorsque votre dossier est retenu, vous recevez un courrier vous indiquant la marche \u00e0 suivre.<\/p>\n\n\n\n<p>L&rsquo;agr\u00e9ment \u00e0 la ma\u00eetrise de stage est donn\u00e9 pour cinq ans.&nbsp;La r\u00e9-accr\u00e9ditation des MSU est conditionn\u00e9e \u00e0&nbsp;une formation p\u00e9dagogique r\u00e9guli\u00e8re, au moins tous les 5 ans.<strong> Le CBNGE est \u00e0 votre \u00e9coute<\/strong>&nbsp;pour vous accompagner dans vos d\u00e9buts de ma\u00eetre de stage, n&rsquo;h\u00e9sitez pas \u00e0 nous contacter<\/p>\n","protected":false},"excerpt":{"rendered":"<p>Un MSU est un ma\u00eetre de stage universitaire, qui peut \u00eatre ambulatoire (anciens ECA: Enseignants Cliniciens Ambulatoires). Le terme de MSU a \u00e9t\u00e9 retenu par le minist\u00e8re de l\u2019enseignement sup\u00e9rieur et met en avant la fonction p\u00e9dagogique et universitaire. Pour devenir MSU (pour encadrer des externes ou des internes), vous devez justifier de minimum un&hellip;&nbsp;<a href=\"https:\/\/cbnge.fr\/index.php\/etre-msu\/\" rel=\"bookmark\">Lire la suite &raquo;<span class=\"screen-reader-text\">\u00catre MSU<\/span><\/a><\/p>\n","protected":false},"author":1,"featured_media":0,"parent":0,"menu_order":0,"comment_status":"closed","ping_status":"closed","template":"","meta":{"neve_meta_sidebar":"full-width","neve_meta_container":"","neve_meta_enable_content_width":"on","neve_meta_content_width":100,"neve_meta_title_alignment":"","neve_meta_author_avatar":"","neve_post_elements_order":"","neve_meta_disable_header":"","neve_meta_disable_footer":"","neve_meta_disable_title":"","iawp_total_views":1,"footnotes":""},"class_list":["post-118","page","type-page","status-publish","hentry"],"_links":{"self":[{"href":"https:\/\/cbnge.fr\/index.php\/wp-json\/wp\/v2\/pages\/118","targetHints":{"allow":["GET"]}}],"collection":[{"href":"https:\/\/cbnge.fr\/index.php\/wp-json\/wp\/v2\/pages"}],"about":[{"href":"https:\/\/cbnge.fr\/index.php\/wp-json\/wp\/v2\/types\/page"}],"author":[{"embeddable":true,"href":"https:\/\/cbnge.fr\/index.php\/wp-json\/wp\/v2\/users\/1"}],"replies":[{"embeddable":true,"href":"https:\/\/cbnge.fr\/index.php\/wp-json\/wp\/v2\/comments?post=118"}],"version-history":[{"count":10,"href":"https:\/\/cbnge.fr\/index.php\/wp-json\/wp\/v2\/pages\/118\/revisions"}],"predecessor-version":[{"id":218,"href":"https:\/\/cbnge.fr\/index.php\/wp-json\/wp\/v2\/pages\/118\/revisions\/218"}],"wp:attachment":[{"href":"https:\/\/cbnge.fr\/index.php\/wp-json\/wp\/v2\/media?parent=118"}],"curies":[{"name":"wp","href":"https:\/\/api.w.org\/{rel}","templated":true}]}}